{"id":16014,"date":"2021-04-12T13:08:22","date_gmt":"2021-04-12T13:08:22","guid":{"rendered":"https:\/\/marinlozanodentistas.com\/bruxismo-atm\/"},"modified":"2024-07-30T11:08:19","modified_gmt":"2024-07-30T11:08:19","slug":"bruxisme-atm","status":"publish","type":"page","link":"https:\/\/marinlozanodentistas.com\/ca\/bruxisme-atm\/","title":{"rendered":"Bruxisme i ATM"},"content":{"rendered":"<p>[vc_row css_animation=&#8221;&#8221; row_type=&#8221;row&#8221; use_row_as_full_screen_section=&#8221;no&#8221; type=&#8221;full_width&#8221; angled_section=&#8221;no&#8221; text_align=&#8221;left&#8221; background_image_as_pattern=&#8221;without_pattern&#8221; css=&#8221;.vc_custom_1616789346681{margin-top: 100px !important;margin-bottom: 30px !important;padding-top: 50px !important;padding-bottom: 50px !important;background-color: #000000 !important;}&#8221; z_index=&#8221;&#8221;][vc_column width=&#8221;1\/6&#8243;][\/vc_column][vc_column width=&#8221;2\/3&#8243;]<div id=\"ultimate-heading-356869f2f8aa08d68\" class=\"uvc-heading ult-adjust-bottom-margin ultimate-heading-356869f2f8aa08d68 uvc-4863 \" data-hspacer=\"no_spacer\"  data-halign=\"center\" style=\"text-align:center\"><div class=\"uvc-heading-spacer no_spacer\" style=\"top\"><\/div><div class=\"uvc-main-heading ult-responsive\"  data-ultimate-target='.uvc-heading.ultimate-heading-356869f2f8aa08d68 h1'  data-responsive-json-new='{\"font-size\":\"desktop:32px;\",\"line-height\":\"\"}' ><h1 style=\"font-weight:normal;color:#ffffff;\">BRUXISME I TRACTAMENT DE L'ATM<\/h1><\/div><\/div>[\/vc_column][vc_column width=&#8221;1\/6&#8243;][\/vc_column][\/vc_row][vc_row css_animation=&#8221;&#8221; row_type=&#8221;row&#8221; use_row_as_full_screen_section=&#8221;no&#8221; type=&#8221;grid&#8221; angled_section=&#8221;no&#8221; text_align=&#8221;left&#8221; background_image_as_pattern=&#8221;without_pattern&#8221; z_index=&#8221;&#8221;][vc_column width=&#8221;1\/2&#8243;][vc_column_text]El bruxisme \u00e9s l&#8217;h\u00e0bit d&#8217;estr\u00e8nyer i grinyolar les dents, aquest <strong>pot estar causat per situacions d&#8217;estr\u00e8s o per maloclusions dentals i es pot donar tant de nit com durant el dia.<\/strong><\/p>\n<p>Aquest mal h\u00e0bit pot provocar desgast a les dents i amb el temps la p\u00e8rdua d&#8217;aquestes.[\/vc_column_text]<blockquote class=' with_quote_icon' style=''><i class='fa fa-quote-right' style=''><\/i><h5 class='blockquote-text' style=''>Si en despertar al mat\u00ed sents dolor a les galtes, a les orelles, mals de cap o problemes per obrir o tancar la boca correctament \u00e9s possible que pateixis aquesta silenciosa malaltia.<\/h5><\/blockquote>[vc_column_text]A Marin-Lozano Dentistas apliquem un protocol de diagn\u00f2stic molt detallat que inclou, si cal, l&#8217;an\u00e0lisi mitjan\u00e7ant resson\u00e0ncia magn\u00e8tica. El tractament que solem aplicar \u00e9s mitjan\u00e7ant f\u00e8rula de desc\u00e0rrega, amb els materials m\u00e9s resistents del mercat o miorrelaxants dins un protocol de visites peri\u00f2diques.<\/p>\n<p><strong>El fundador de la nostra cl\u00ednica, el Dr. Jos\u00e9 Luis Mar\u00edn, \u00e9s un reconegut especialista en aquest camp. La seva experi\u00e8ncia al llarg dels anys li ha donat una sensibilitat especial i connecta r\u00e0pidament amb la patologia del pacient, aplicant el tractament m\u00e9s indicat i amb aix\u00f2 una r\u00e0pida recuperaci\u00f3.<\/strong>[\/vc_column_text][\/vc_column][vc_column width=&#8221;1\/2&#8243;][vc_single_image image=&#8221;15686&#8243; img_size=&#8221;full&#8221; alignment=&#8221;right&#8221; qode_css_animation=&#8221;&#8221;][\/vc_column][\/vc_row]<\/p>\n","protected":false},"excerpt":{"rendered":"<p>[vc_row css_animation=&#8221;&#8221; row_type=&#8221;row&#8221; use_row_as_full_screen_section=&#8221;no&#8221; type=&#8221;full_width&#8221; angled_section=&#8221;no&#8221; text_align=&#8221;left&#8221; background_image_as_pattern=&#8221;without_pattern&#8221; css=&#8221;.vc_custom_1616789346681{margin-top: 100px !important;margin-bottom: 30px !important;padding-top: 50px !important;padding-bottom: 50px !important;background-color: #000000 !important;}&#8221; z_index=&#8221;&#8221;][vc_column width=&#8221;1\/6&#8243;][\/vc_column][vc_column width=&#8221;2\/3&#8243;][\/vc_column][vc_column width=&#8221;1\/6&#8243;][\/vc_column][\/vc_row][vc_row css_animation=&#8221;&#8221; row_type=&#8221;row&#8221; use_row_as_full_screen_section=&#8221;no&#8221; type=&#8221;grid&#8221; angled_section=&#8221;no&#8221; text_align=&#8221;left&#8221; background_image_as_pattern=&#8221;without_pattern&#8221; z_index=&#8221;&#8221;][vc_column width=&#8221;1\/2&#8243;][vc_column_text]El bruxisme \u00e9s l&#8217;h\u00e0bit d&#8217;estr\u00e8nyer i grinyolar les dents, aquest pot estar causat per&#8230;<\/p>\n","protected":false},"author":1,"featured_media":0,"parent":0,"menu_order":0,"comment_status":"closed","ping_status":"closed","template":"full_width.php","meta":{"_joinchat":[],"footnotes":""},"class_list":["post-16014","page","type-page","status-publish","hentry"],"yoast_head":"<!-- This site is optimized with the Yoast SEO plugin v25.6 - https:\/\/yoast.com\/wordpress\/plugins\/seo\/ -->\n<title>Bruxisme i ATM - Mar\u00edn Lozano Dentistas<\/title>\n<meta name=\"robots\" content=\"index, follow, max-snippet:-1, max-image-preview:large, max-video-preview:-1\" \/>\n<link rel=\"canonical\" href=\"https:\/\/marinlozanodentistas.com\/ca\/bruxisme-atm\/\" \/>\n<meta property=\"og:locale\" content=\"ca_ES\" \/>\n<meta property=\"og:type\" content=\"article\" \/>\n<meta property=\"og:title\" content=\"Bruxisme i ATM - Mar\u00edn Lozano Dentistas\" \/>\n<meta property=\"og:description\" content=\"[vc_row css_animation=&#8221;&#8221; row_type=&#8221;row&#8221; use_row_as_full_screen_section=&#8221;no&#8221; type=&#8221;full_width&#8221; angled_section=&#8221;no&#8221; text_align=&#8221;left&#8221; background_image_as_pattern=&#8221;without_pattern&#8221; css=&#8221;.vc_custom_1616789346681{margin-top: 100px !important;margin-bottom: 30px !important;padding-top: 50px !important;padding-bottom: 50px !important;background-color: #000000 !important;}&#8221; z_index=&#8221;&#8221;][vc_column width=&#8221;1\/6&#8243;][\/vc_column][vc_column width=&#8221;2\/3&#8243;][\/vc_column][vc_column width=&#8221;1\/6&#8243;][\/vc_column][\/vc_row][vc_row css_animation=&#8221;&#8221; row_type=&#8221;row&#8221; use_row_as_full_screen_section=&#8221;no&#8221; type=&#8221;grid&#8221; angled_section=&#8221;no&#8221; text_align=&#8221;left&#8221; background_image_as_pattern=&#8221;without_pattern&#8221; z_index=&#8221;&#8221;][vc_column width=&#8221;1\/2&#8243;][vc_column_text]El bruxisme \u00e9s l&#8217;h\u00e0bit d&#8217;estr\u00e8nyer i grinyolar les dents, aquest pot estar causat per...\" \/>\n<meta property=\"og:url\" content=\"https:\/\/marinlozanodentistas.com\/ca\/bruxisme-atm\/\" \/>\n<meta property=\"og:site_name\" content=\"Mar\u00edn Lozano Dentistas\" \/>\n<meta property=\"article:modified_time\" content=\"2024-07-30T11:08:19+00:00\" \/>\n<meta name=\"twitter:card\" content=\"summary_large_image\" \/>\n<meta name=\"twitter:label1\" content=\"Temps estimat de lectura\" \/>\n\t<meta name=\"twitter:data1\" content=\"1 minut\" \/>\n<script type=\"application\/ld+json\" class=\"yoast-schema-graph\">{\"@context\":\"https:\/\/schema.org\",\"@graph\":[{\"@type\":\"WebPage\",\"@id\":\"https:\/\/marinlozanodentistas.com\/ca\/bruxisme-atm\/\",\"url\":\"https:\/\/marinlozanodentistas.com\/ca\/bruxisme-atm\/\",\"name\":\"Bruxisme i ATM - Mar\u00edn Lozano Dentistas\",\"isPartOf\":{\"@id\":\"https:\/\/marinlozanodentistas.com\/#website\"},\"datePublished\":\"2021-04-12T13:08:22+00:00\",\"dateModified\":\"2024-07-30T11:08:19+00:00\",\"breadcrumb\":{\"@id\":\"https:\/\/marinlozanodentistas.com\/ca\/bruxisme-atm\/#breadcrumb\"},\"inLanguage\":\"ca\",\"potentialAction\":[{\"@type\":\"ReadAction\",\"target\":[\"https:\/\/marinlozanodentistas.com\/ca\/bruxisme-atm\/\"]}]},{\"@type\":\"BreadcrumbList\",\"@id\":\"https:\/\/marinlozanodentistas.com\/ca\/bruxisme-atm\/#breadcrumb\",\"itemListElement\":[{\"@type\":\"ListItem\",\"position\":1,\"name\":\"Portada\",\"item\":\"https:\/\/marinlozanodentistas.com\/ca\/\"},{\"@type\":\"ListItem\",\"position\":2,\"name\":\"Bruxisme i ATM\"}]},{\"@type\":\"WebSite\",\"@id\":\"https:\/\/marinlozanodentistas.com\/#website\",\"url\":\"https:\/\/marinlozanodentistas.com\/\",\"name\":\"Mar\u00edn Lozano Dentistas\",\"description\":\"LA EXPERIENCIA Y LA DEDICACI\u00d3N QUE TU BOCA MERECE. CL\u00cdNICA DENTAL EN SANTA COLOMA\",\"publisher\":{\"@id\":\"https:\/\/marinlozanodentistas.com\/#organization\"},\"potentialAction\":[{\"@type\":\"SearchAction\",\"target\":{\"@type\":\"EntryPoint\",\"urlTemplate\":\"https:\/\/marinlozanodentistas.com\/?s={search_term_string}\"},\"query-input\":{\"@type\":\"PropertyValueSpecification\",\"valueRequired\":true,\"valueName\":\"search_term_string\"}}],\"inLanguage\":\"ca\"},{\"@type\":\"Organization\",\"@id\":\"https:\/\/marinlozanodentistas.com\/#organization\",\"name\":\"Cl\u00ednica Dental Mar\u00edn Lozano\",\"url\":\"https:\/\/marinlozanodentistas.com\/\",\"logo\":{\"@type\":\"ImageObject\",\"inLanguage\":\"ca\",\"@id\":\"https:\/\/marinlozanodentistas.com\/#\/schema\/logo\/image\/\",\"url\":\"https:\/\/marinlozanodentistas.com\/wp-content\/uploads\/2021\/03\/593A6360-2-scaled-e1617039453413.jpg\",\"contentUrl\":\"https:\/\/marinlozanodentistas.com\/wp-content\/uploads\/2021\/03\/593A6360-2-scaled-e1617039453413.jpg\",\"width\":460,\"height\":307,\"caption\":\"Cl\u00ednica Dental Mar\u00edn Lozano\"},\"image\":{\"@id\":\"https:\/\/marinlozanodentistas.com\/#\/schema\/logo\/image\/\"}}]}<\/script>\n<!-- \/ Yoast SEO plugin. -->","yoast_head_json":{"title":"Bruxisme i ATM - Mar\u00edn Lozano Dentistas","robots":{"index":"index","follow":"follow","max-snippet":"max-snippet:-1","max-image-preview":"max-image-preview:large","max-video-preview":"max-video-preview:-1"},"canonical":"https:\/\/marinlozanodentistas.com\/ca\/bruxisme-atm\/","og_locale":"ca_ES","og_type":"article","og_title":"Bruxisme i ATM - Mar\u00edn Lozano Dentistas","og_description":"[vc_row css_animation=&#8221;&#8221; row_type=&#8221;row&#8221; use_row_as_full_screen_section=&#8221;no&#8221; type=&#8221;full_width&#8221; angled_section=&#8221;no&#8221; text_align=&#8221;left&#8221; background_image_as_pattern=&#8221;without_pattern&#8221; css=&#8221;.vc_custom_1616789346681{margin-top: 100px !important;margin-bottom: 30px !important;padding-top: 50px !important;padding-bottom: 50px !important;background-color: #000000 !important;}&#8221; z_index=&#8221;&#8221;][vc_column width=&#8221;1\/6&#8243;][\/vc_column][vc_column width=&#8221;2\/3&#8243;][\/vc_column][vc_column width=&#8221;1\/6&#8243;][\/vc_column][\/vc_row][vc_row css_animation=&#8221;&#8221; row_type=&#8221;row&#8221; use_row_as_full_screen_section=&#8221;no&#8221; type=&#8221;grid&#8221; angled_section=&#8221;no&#8221; text_align=&#8221;left&#8221; background_image_as_pattern=&#8221;without_pattern&#8221; z_index=&#8221;&#8221;][vc_column width=&#8221;1\/2&#8243;][vc_column_text]El bruxisme \u00e9s l&#8217;h\u00e0bit d&#8217;estr\u00e8nyer i grinyolar les dents, aquest pot estar causat per...","og_url":"https:\/\/marinlozanodentistas.com\/ca\/bruxisme-atm\/","og_site_name":"Mar\u00edn Lozano Dentistas","article_modified_time":"2024-07-30T11:08:19+00:00","twitter_card":"summary_large_image","twitter_misc":{"Temps estimat de lectura":"1 minut"},"schema":{"@context":"https:\/\/schema.org","@graph":[{"@type":"WebPage","@id":"https:\/\/marinlozanodentistas.com\/ca\/bruxisme-atm\/","url":"https:\/\/marinlozanodentistas.com\/ca\/bruxisme-atm\/","name":"Bruxisme i ATM - Mar\u00edn Lozano Dentistas","isPartOf":{"@id":"https:\/\/marinlozanodentistas.com\/#website"},"datePublished":"2021-04-12T13:08:22+00:00","dateModified":"2024-07-30T11:08:19+00:00","breadcrumb":{"@id":"https:\/\/marinlozanodentistas.com\/ca\/bruxisme-atm\/#breadcrumb"},"inLanguage":"ca","potentialAction":[{"@type":"ReadAction","target":["https:\/\/marinlozanodentistas.com\/ca\/bruxisme-atm\/"]}]},{"@type":"BreadcrumbList","@id":"https:\/\/marinlozanodentistas.com\/ca\/bruxisme-atm\/#breadcrumb","itemListElement":[{"@type":"ListItem","position":1,"name":"Portada","item":"https:\/\/marinlozanodentistas.com\/ca\/"},{"@type":"ListItem","position":2,"name":"Bruxisme i ATM"}]},{"@type":"WebSite","@id":"https:\/\/marinlozanodentistas.com\/#website","url":"https:\/\/marinlozanodentistas.com\/","name":"Mar\u00edn Lozano Dentistas","description":"LA EXPERIENCIA Y LA DEDICACI\u00d3N QUE TU BOCA MERECE. CL\u00cdNICA DENTAL EN SANTA COLOMA","publisher":{"@id":"https:\/\/marinlozanodentistas.com\/#organization"},"potentialAction":[{"@type":"SearchAction","target":{"@type":"EntryPoint","urlTemplate":"https:\/\/marinlozanodentistas.com\/?s={search_term_string}"},"query-input":{"@type":"PropertyValueSpecification","valueRequired":true,"valueName":"search_term_string"}}],"inLanguage":"ca"},{"@type":"Organization","@id":"https:\/\/marinlozanodentistas.com\/#organization","name":"Cl\u00ednica Dental Mar\u00edn Lozano","url":"https:\/\/marinlozanodentistas.com\/","logo":{"@type":"ImageObject","inLanguage":"ca","@id":"https:\/\/marinlozanodentistas.com\/#\/schema\/logo\/image\/","url":"https:\/\/marinlozanodentistas.com\/wp-content\/uploads\/2021\/03\/593A6360-2-scaled-e1617039453413.jpg","contentUrl":"https:\/\/marinlozanodentistas.com\/wp-content\/uploads\/2021\/03\/593A6360-2-scaled-e1617039453413.jpg","width":460,"height":307,"caption":"Cl\u00ednica Dental Mar\u00edn Lozano"},"image":{"@id":"https:\/\/marinlozanodentistas.com\/#\/schema\/logo\/image\/"}}]}},"_links":{"self":[{"href":"https:\/\/marinlozanodentistas.com\/ca\/wp-json\/wp\/v2\/pages\/16014"}],"collection":[{"href":"https:\/\/marinlozanodentistas.com\/ca\/wp-json\/wp\/v2\/pages"}],"about":[{"href":"https:\/\/marinlozanodentistas.com\/ca\/wp-json\/wp\/v2\/types\/page"}],"author":[{"embeddable":true,"href":"https:\/\/marinlozanodentistas.com\/ca\/wp-json\/wp\/v2\/users\/1"}],"replies":[{"embeddable":true,"href":"https:\/\/marinlozanodentistas.com\/ca\/wp-json\/wp\/v2\/comments?post=16014"}],"version-history":[{"count":3,"href":"https:\/\/marinlozanodentistas.com\/ca\/wp-json\/wp\/v2\/pages\/16014\/revisions"}],"predecessor-version":[{"id":16037,"href":"https:\/\/marinlozanodentistas.com\/ca\/wp-json\/wp\/v2\/pages\/16014\/revisions\/16037"}],"wp:attachment":[{"href":"https:\/\/marinlozanodentistas.com\/ca\/wp-json\/wp\/v2\/media?parent=16014"}],"curies":[{"name":"wp","href":"https:\/\/api.w.org\/{rel}","templated":true}]}}