{"id":15954,"date":"2021-04-12T13:05:09","date_gmt":"2021-04-12T13:05:09","guid":{"rendered":"https:\/\/marinlozanodentistas.com\/rehabilitacion-y-protesis-dental-en-santa-coloma\/"},"modified":"2024-07-30T10:27:17","modified_gmt":"2024-07-30T10:27:17","slug":"rehabilitacio-i-protesis-dental-a-santa-coloma","status":"publish","type":"page","link":"https:\/\/marinlozanodentistas.com\/ca\/rehabilitacio-i-protesis-dental-a-santa-coloma\/","title":{"rendered":"Rehabilitaci\u00f3 i pr\u00f2tesis dental a Santa Coloma"},"content":{"rendered":"<p>[vc_row css_animation=&#8221;&#8221; row_type=&#8221;row&#8221; use_row_as_full_screen_section=&#8221;no&#8221; type=&#8221;full_width&#8221; angled_section=&#8221;no&#8221; text_align=&#8221;left&#8221; background_image_as_pattern=&#8221;without_pattern&#8221; css=&#8221;.vc_custom_1616789346681{margin-top: 100px !important;margin-bottom: 30px !important;padding-top: 50px !important;padding-bottom: 50px !important;background-color: #000000 !important;}&#8221; z_index=&#8221;&#8221;][vc_column width=&#8221;1\/6&#8243;][\/vc_column][vc_column width=&#8221;2\/3&#8243;]<div id=\"ultimate-heading-598169e8a4d1d3bdb\" class=\"uvc-heading ult-adjust-bottom-margin ultimate-heading-598169e8a4d1d3bdb uvc-8367 \" data-hspacer=\"no_spacer\"  data-halign=\"center\" style=\"text-align:center\"><div class=\"uvc-heading-spacer no_spacer\" style=\"top\"><\/div><div class=\"uvc-main-heading ult-responsive\"  data-ultimate-target='.uvc-heading.ultimate-heading-598169e8a4d1d3bdb h1'  data-responsive-json-new='{\"font-size\":\"desktop:32px;\",\"line-height\":\"\"}' ><h1 style=\"font-weight:normal;color:#ffffff;\"> REHABILITACI\u00d3 I PR\u00d2TESIS DENTAL A SANTA COLOMA<\/h1><\/div><\/div>[\/vc_column][vc_column width=&#8221;1\/6&#8243;][\/vc_column][\/vc_row][vc_row css_animation=&#8221;&#8221; row_type=&#8221;row&#8221; use_row_as_full_screen_section=&#8221;no&#8221; type=&#8221;grid&#8221; angled_section=&#8221;no&#8221; text_align=&#8221;left&#8221; background_image_as_pattern=&#8221;without_pattern&#8221; z_index=&#8221;&#8221;][vc_column width=&#8221;1\/2&#8243;][vc_column_text]La rehabilitaci\u00f3 oral i la pr\u00f2tesi dental \u00e9s la gran especialitat de la cl\u00ednica dental Mar\u00edn-Lozano. Exigeix \u200b\u200bel domini de totes les t\u00e8cniques odontol\u00f2giques per oferir un tractament global als casos m\u00e9s delicats.<\/p>\n<p><strong>Un bon diagn\u00f2stic i un pla de tractament adequat s\u00f3n la clau que ens permet trobar una soluci\u00f3 definitiva als problemes dels nostres pacients.<\/strong><\/p>\n<p>Temps, experi\u00e8ncia, \u00f2ptims materials i la col\u00b7laboraci\u00f3 dels millors laboratoris dentals per elaborar les nostres pr\u00f2tesis s\u00f3n la f\u00f3rmula de l&#8217;\u00e8xit que a la nostra cl\u00ednica seguim di\u00e0riament perqu\u00e8 els nostres pacients estiguin contents amb les seves pr\u00f2tesis.[\/vc_column_text][\/vc_column][vc_column width=&#8221;1\/2&#8243;][vc_single_image image=&#8221;15676&#8243; img_size=&#8221;full&#8221; alignment=&#8221;center&#8221; qode_css_animation=&#8221;&#8221;][\/vc_column][\/vc_row]<\/p>\n","protected":false},"excerpt":{"rendered":"<p>[vc_row css_animation=&#8221;&#8221; row_type=&#8221;row&#8221; use_row_as_full_screen_section=&#8221;no&#8221; type=&#8221;full_width&#8221; angled_section=&#8221;no&#8221; text_align=&#8221;left&#8221; background_image_as_pattern=&#8221;without_pattern&#8221; css=&#8221;.vc_custom_1616789346681{margin-top: 100px !important;margin-bottom: 30px !important;padding-top: 50px !important;padding-bottom: 50px !important;background-color: #000000 !important;}&#8221; z_index=&#8221;&#8221;][vc_column width=&#8221;1\/6&#8243;][\/vc_column][vc_column width=&#8221;2\/3&#8243;][\/vc_column][vc_column width=&#8221;1\/6&#8243;][\/vc_column][\/vc_row][vc_row css_animation=&#8221;&#8221; row_type=&#8221;row&#8221; use_row_as_full_screen_section=&#8221;no&#8221; type=&#8221;grid&#8221; angled_section=&#8221;no&#8221; text_align=&#8221;left&#8221; background_image_as_pattern=&#8221;without_pattern&#8221; z_index=&#8221;&#8221;][vc_column width=&#8221;1\/2&#8243;][vc_column_text]La rehabilitaci\u00f3 oral i la pr\u00f2tesi dental \u00e9s la gran especialitat de la cl\u00ednica&#8230;<\/p>\n","protected":false},"author":1,"featured_media":0,"parent":0,"menu_order":0,"comment_status":"closed","ping_status":"closed","template":"full_width.php","meta":{"_joinchat":[],"footnotes":""},"class_list":["post-15954","page","type-page","status-publish","hentry"],"yoast_head":"<!-- This site is optimized with the Yoast SEO plugin v25.6 - https:\/\/yoast.com\/wordpress\/plugins\/seo\/ -->\n<title>Rehabilitaci\u00f3 i pr\u00f2tesis dental a Santa Coloma - Mar\u00edn Lozano Dentistas<\/title>\n<meta name=\"robots\" content=\"index, follow, max-snippet:-1, max-image-preview:large, max-video-preview:-1\" \/>\n<link rel=\"canonical\" href=\"https:\/\/marinlozanodentistas.com\/ca\/rehabilitacio-i-protesis-dental-a-santa-coloma\/\" \/>\n<meta property=\"og:locale\" content=\"ca_ES\" \/>\n<meta property=\"og:type\" content=\"article\" \/>\n<meta property=\"og:title\" content=\"Rehabilitaci\u00f3 i pr\u00f2tesis dental a Santa Coloma - Mar\u00edn Lozano Dentistas\" \/>\n<meta property=\"og:description\" content=\"[vc_row css_animation=&#8221;&#8221; row_type=&#8221;row&#8221; use_row_as_full_screen_section=&#8221;no&#8221; type=&#8221;full_width&#8221; angled_section=&#8221;no&#8221; text_align=&#8221;left&#8221; background_image_as_pattern=&#8221;without_pattern&#8221; css=&#8221;.vc_custom_1616789346681{margin-top: 100px !important;margin-bottom: 30px !important;padding-top: 50px !important;padding-bottom: 50px !important;background-color: #000000 !important;}&#8221; z_index=&#8221;&#8221;][vc_column width=&#8221;1\/6&#8243;][\/vc_column][vc_column width=&#8221;2\/3&#8243;][\/vc_column][vc_column width=&#8221;1\/6&#8243;][\/vc_column][\/vc_row][vc_row css_animation=&#8221;&#8221; row_type=&#8221;row&#8221; use_row_as_full_screen_section=&#8221;no&#8221; type=&#8221;grid&#8221; angled_section=&#8221;no&#8221; text_align=&#8221;left&#8221; background_image_as_pattern=&#8221;without_pattern&#8221; z_index=&#8221;&#8221;][vc_column width=&#8221;1\/2&#8243;][vc_column_text]La rehabilitaci\u00f3 oral i la pr\u00f2tesi dental \u00e9s la gran especialitat de la cl\u00ednica...\" \/>\n<meta property=\"og:url\" content=\"https:\/\/marinlozanodentistas.com\/ca\/rehabilitacio-i-protesis-dental-a-santa-coloma\/\" \/>\n<meta property=\"og:site_name\" content=\"Mar\u00edn Lozano Dentistas\" \/>\n<meta property=\"article:modified_time\" content=\"2024-07-30T10:27:17+00:00\" \/>\n<meta name=\"twitter:card\" content=\"summary_large_image\" \/>\n<meta name=\"twitter:label1\" content=\"Temps estimat de lectura\" \/>\n\t<meta name=\"twitter:data1\" content=\"1 minut\" \/>\n<script type=\"application\/ld+json\" class=\"yoast-schema-graph\">{\"@context\":\"https:\/\/schema.org\",\"@graph\":[{\"@type\":\"WebPage\",\"@id\":\"https:\/\/marinlozanodentistas.com\/ca\/rehabilitacio-i-protesis-dental-a-santa-coloma\/\",\"url\":\"https:\/\/marinlozanodentistas.com\/ca\/rehabilitacio-i-protesis-dental-a-santa-coloma\/\",\"name\":\"Rehabilitaci\u00f3 i pr\u00f2tesis dental a Santa Coloma - Mar\u00edn Lozano Dentistas\",\"isPartOf\":{\"@id\":\"https:\/\/marinlozanodentistas.com\/#website\"},\"datePublished\":\"2021-04-12T13:05:09+00:00\",\"dateModified\":\"2024-07-30T10:27:17+00:00\",\"breadcrumb\":{\"@id\":\"https:\/\/marinlozanodentistas.com\/ca\/rehabilitacio-i-protesis-dental-a-santa-coloma\/#breadcrumb\"},\"inLanguage\":\"ca\",\"potentialAction\":[{\"@type\":\"ReadAction\",\"target\":[\"https:\/\/marinlozanodentistas.com\/ca\/rehabilitacio-i-protesis-dental-a-santa-coloma\/\"]}]},{\"@type\":\"BreadcrumbList\",\"@id\":\"https:\/\/marinlozanodentistas.com\/ca\/rehabilitacio-i-protesis-dental-a-santa-coloma\/#breadcrumb\",\"itemListElement\":[{\"@type\":\"ListItem\",\"position\":1,\"name\":\"Portada\",\"item\":\"https:\/\/marinlozanodentistas.com\/ca\/\"},{\"@type\":\"ListItem\",\"position\":2,\"name\":\"Rehabilitaci\u00f3 i pr\u00f2tesis dental a Santa Coloma\"}]},{\"@type\":\"WebSite\",\"@id\":\"https:\/\/marinlozanodentistas.com\/#website\",\"url\":\"https:\/\/marinlozanodentistas.com\/\",\"name\":\"Mar\u00edn Lozano Dentistas\",\"description\":\"LA EXPERIENCIA Y LA DEDICACI\u00d3N QUE TU BOCA MERECE. CL\u00cdNICA DENTAL EN SANTA COLOMA\",\"publisher\":{\"@id\":\"https:\/\/marinlozanodentistas.com\/#organization\"},\"potentialAction\":[{\"@type\":\"SearchAction\",\"target\":{\"@type\":\"EntryPoint\",\"urlTemplate\":\"https:\/\/marinlozanodentistas.com\/?s={search_term_string}\"},\"query-input\":{\"@type\":\"PropertyValueSpecification\",\"valueRequired\":true,\"valueName\":\"search_term_string\"}}],\"inLanguage\":\"ca\"},{\"@type\":\"Organization\",\"@id\":\"https:\/\/marinlozanodentistas.com\/#organization\",\"name\":\"Cl\u00ednica Dental Mar\u00edn Lozano\",\"url\":\"https:\/\/marinlozanodentistas.com\/\",\"logo\":{\"@type\":\"ImageObject\",\"inLanguage\":\"ca\",\"@id\":\"https:\/\/marinlozanodentistas.com\/#\/schema\/logo\/image\/\",\"url\":\"https:\/\/marinlozanodentistas.com\/wp-content\/uploads\/2021\/03\/593A6360-2-scaled-e1617039453413.jpg\",\"contentUrl\":\"https:\/\/marinlozanodentistas.com\/wp-content\/uploads\/2021\/03\/593A6360-2-scaled-e1617039453413.jpg\",\"width\":460,\"height\":307,\"caption\":\"Cl\u00ednica Dental Mar\u00edn Lozano\"},\"image\":{\"@id\":\"https:\/\/marinlozanodentistas.com\/#\/schema\/logo\/image\/\"}}]}<\/script>\n<!-- \/ Yoast SEO plugin. -->","yoast_head_json":{"title":"Rehabilitaci\u00f3 i pr\u00f2tesis dental a Santa Coloma - Mar\u00edn Lozano Dentistas","robots":{"index":"index","follow":"follow","max-snippet":"max-snippet:-1","max-image-preview":"max-image-preview:large","max-video-preview":"max-video-preview:-1"},"canonical":"https:\/\/marinlozanodentistas.com\/ca\/rehabilitacio-i-protesis-dental-a-santa-coloma\/","og_locale":"ca_ES","og_type":"article","og_title":"Rehabilitaci\u00f3 i pr\u00f2tesis dental a Santa Coloma - Mar\u00edn Lozano Dentistas","og_description":"[vc_row css_animation=&#8221;&#8221; row_type=&#8221;row&#8221; use_row_as_full_screen_section=&#8221;no&#8221; type=&#8221;full_width&#8221; angled_section=&#8221;no&#8221; text_align=&#8221;left&#8221; background_image_as_pattern=&#8221;without_pattern&#8221; css=&#8221;.vc_custom_1616789346681{margin-top: 100px !important;margin-bottom: 30px !important;padding-top: 50px !important;padding-bottom: 50px !important;background-color: #000000 !important;}&#8221; z_index=&#8221;&#8221;][vc_column width=&#8221;1\/6&#8243;][\/vc_column][vc_column width=&#8221;2\/3&#8243;][\/vc_column][vc_column width=&#8221;1\/6&#8243;][\/vc_column][\/vc_row][vc_row css_animation=&#8221;&#8221; row_type=&#8221;row&#8221; use_row_as_full_screen_section=&#8221;no&#8221; type=&#8221;grid&#8221; angled_section=&#8221;no&#8221; text_align=&#8221;left&#8221; background_image_as_pattern=&#8221;without_pattern&#8221; z_index=&#8221;&#8221;][vc_column width=&#8221;1\/2&#8243;][vc_column_text]La rehabilitaci\u00f3 oral i la pr\u00f2tesi dental \u00e9s la gran especialitat de la cl\u00ednica...","og_url":"https:\/\/marinlozanodentistas.com\/ca\/rehabilitacio-i-protesis-dental-a-santa-coloma\/","og_site_name":"Mar\u00edn Lozano Dentistas","article_modified_time":"2024-07-30T10:27:17+00:00","twitter_card":"summary_large_image","twitter_misc":{"Temps estimat de lectura":"1 minut"},"schema":{"@context":"https:\/\/schema.org","@graph":[{"@type":"WebPage","@id":"https:\/\/marinlozanodentistas.com\/ca\/rehabilitacio-i-protesis-dental-a-santa-coloma\/","url":"https:\/\/marinlozanodentistas.com\/ca\/rehabilitacio-i-protesis-dental-a-santa-coloma\/","name":"Rehabilitaci\u00f3 i pr\u00f2tesis dental a Santa Coloma - Mar\u00edn Lozano Dentistas","isPartOf":{"@id":"https:\/\/marinlozanodentistas.com\/#website"},"datePublished":"2021-04-12T13:05:09+00:00","dateModified":"2024-07-30T10:27:17+00:00","breadcrumb":{"@id":"https:\/\/marinlozanodentistas.com\/ca\/rehabilitacio-i-protesis-dental-a-santa-coloma\/#breadcrumb"},"inLanguage":"ca","potentialAction":[{"@type":"ReadAction","target":["https:\/\/marinlozanodentistas.com\/ca\/rehabilitacio-i-protesis-dental-a-santa-coloma\/"]}]},{"@type":"BreadcrumbList","@id":"https:\/\/marinlozanodentistas.com\/ca\/rehabilitacio-i-protesis-dental-a-santa-coloma\/#breadcrumb","itemListElement":[{"@type":"ListItem","position":1,"name":"Portada","item":"https:\/\/marinlozanodentistas.com\/ca\/"},{"@type":"ListItem","position":2,"name":"Rehabilitaci\u00f3 i pr\u00f2tesis dental a Santa Coloma"}]},{"@type":"WebSite","@id":"https:\/\/marinlozanodentistas.com\/#website","url":"https:\/\/marinlozanodentistas.com\/","name":"Mar\u00edn Lozano Dentistas","description":"LA EXPERIENCIA Y LA DEDICACI\u00d3N QUE TU BOCA MERECE. CL\u00cdNICA DENTAL EN SANTA COLOMA","publisher":{"@id":"https:\/\/marinlozanodentistas.com\/#organization"},"potentialAction":[{"@type":"SearchAction","target":{"@type":"EntryPoint","urlTemplate":"https:\/\/marinlozanodentistas.com\/?s={search_term_string}"},"query-input":{"@type":"PropertyValueSpecification","valueRequired":true,"valueName":"search_term_string"}}],"inLanguage":"ca"},{"@type":"Organization","@id":"https:\/\/marinlozanodentistas.com\/#organization","name":"Cl\u00ednica Dental Mar\u00edn Lozano","url":"https:\/\/marinlozanodentistas.com\/","logo":{"@type":"ImageObject","inLanguage":"ca","@id":"https:\/\/marinlozanodentistas.com\/#\/schema\/logo\/image\/","url":"https:\/\/marinlozanodentistas.com\/wp-content\/uploads\/2021\/03\/593A6360-2-scaled-e1617039453413.jpg","contentUrl":"https:\/\/marinlozanodentistas.com\/wp-content\/uploads\/2021\/03\/593A6360-2-scaled-e1617039453413.jpg","width":460,"height":307,"caption":"Cl\u00ednica Dental Mar\u00edn Lozano"},"image":{"@id":"https:\/\/marinlozanodentistas.com\/#\/schema\/logo\/image\/"}}]}},"_links":{"self":[{"href":"https:\/\/marinlozanodentistas.com\/ca\/wp-json\/wp\/v2\/pages\/15954"}],"collection":[{"href":"https:\/\/marinlozanodentistas.com\/ca\/wp-json\/wp\/v2\/pages"}],"about":[{"href":"https:\/\/marinlozanodentistas.com\/ca\/wp-json\/wp\/v2\/types\/page"}],"author":[{"embeddable":true,"href":"https:\/\/marinlozanodentistas.com\/ca\/wp-json\/wp\/v2\/users\/1"}],"replies":[{"embeddable":true,"href":"https:\/\/marinlozanodentistas.com\/ca\/wp-json\/wp\/v2\/comments?post=15954"}],"version-history":[{"count":2,"href":"https:\/\/marinlozanodentistas.com\/ca\/wp-json\/wp\/v2\/pages\/15954\/revisions"}],"predecessor-version":[{"id":15956,"href":"https:\/\/marinlozanodentistas.com\/ca\/wp-json\/wp\/v2\/pages\/15954\/revisions\/15956"}],"wp:attachment":[{"href":"https:\/\/marinlozanodentistas.com\/ca\/wp-json\/wp\/v2\/media?parent=15954"}],"curies":[{"name":"wp","href":"https:\/\/api.w.org\/{rel}","templated":true}]}}