{"id":15939,"date":"2021-04-12T13:07:25","date_gmt":"2021-04-12T13:07:25","guid":{"rendered":"https:\/\/marinlozanodentistas.com\/estetica-dental-santa-coloma\/"},"modified":"2024-10-19T12:36:21","modified_gmt":"2024-10-19T12:36:21","slug":"estetica-dental-santa-coloma","status":"publish","type":"page","link":"https:\/\/marinlozanodentistas.com\/ca\/estetica-dental-santa-coloma\/","title":{"rendered":"EST\u00c8TICA DENTAL I ODONTOLOGIA CONSERVADORA"},"content":{"rendered":"<p>[vc_row css_animation=&#8221;&#8221; row_type=&#8221;row&#8221; use_row_as_full_screen_section=&#8221;no&#8221; type=&#8221;full_width&#8221; angled_section=&#8221;no&#8221; text_align=&#8221;left&#8221; background_image_as_pattern=&#8221;without_pattern&#8221; css=&#8221;.vc_custom_1616789346681{margin-top: 100px !important;margin-bottom: 30px !important;padding-top: 50px !important;padding-bottom: 50px !important;background-color: #000000 !important;}&#8221; z_index=&#8221;&#8221;][vc_column width=&#8221;1\/6&#8243;][\/vc_column][vc_column width=&#8221;2\/3&#8243;]<div id=\"ultimate-heading-20066a00a40b677d6\" class=\"uvc-heading ult-adjust-bottom-margin ultimate-heading-20066a00a40b677d6 uvc-9333 \" data-hspacer=\"no_spacer\"  data-halign=\"center\" style=\"text-align:center\"><div class=\"uvc-heading-spacer no_spacer\" style=\"top\"><\/div><div class=\"uvc-main-heading ult-responsive\"  data-ultimate-target='.uvc-heading.ultimate-heading-20066a00a40b677d6 h1'  data-responsive-json-new='{\"font-size\":\"desktop:32px;\",\"line-height\":\"\"}' ><h1 style=\"font-weight:normal;color:#ffffff;\">EST\u00c8TICA DENTAL I ODONTOLOGIA CONSERVADORA<\/h1><\/div><\/div>[\/vc_column][vc_column width=&#8221;1\/6&#8243;][\/vc_column][\/vc_row][vc_row css_animation=&#8221;&#8221; row_type=&#8221;row&#8221; use_row_as_full_screen_section=&#8221;no&#8221; type=&#8221;grid&#8221; angled_section=&#8221;no&#8221; text_align=&#8221;left&#8221; background_image_as_pattern=&#8221;without_pattern&#8221; z_index=&#8221;&#8221;][vc_column width=&#8221;1\/2&#8243;][vc_column_text]<\/p>\n<div class=\"wpb_text_column wpb_content_element \">\n<div class=\"wpb_wrapper\">\n<p>L&#8217;aparen\u00e7a f\u00edsica \u00e9s una cosa que influeix al nostre dia a dia i la boca \u00e9s una de les parts m\u00e9s destacables de la nostra cara. Un bonic somriure \u00e9s una gran carta de presentaci\u00f3, a m\u00e9s de demostrar una bona salut bucodental.<\/p>\n<p>L&#8217;est\u00e8tica dental i l&#8217;odontologia conservadora permeten corregir l&#8217;aspecte i el color de les dents utilitzant t\u00e8cniques cada cop m\u00e9s sofisticades i, alhora, r\u00e0pides.<\/p>\n<\/div>\n<\/div>\n<h3 class=\"custom_font_holder\" style=\"text-align: justify;\">Carillas de Porcelana<\/h3>\n<div class=\"wpb_text_column wpb_content_element \" style=\"text-align: justify;\">\n<div class=\"wpb_wrapper\">\n<p>Las carillas son unas finas l\u00e1minas de porcelana que se adhieren a la parte delantera de los dientes para mejorar su color, su forma y a veces incluso mejorar dientes en una mala posici\u00f3n. Suelen colocarse en los dientes que se ven cuando sonre\u00edmos.<\/p>\n<p>En Mar\u00edn-Lozano dentistas este tratamiento lo lleva a cabo el Dr. Mauro Lozano, con amplia formaci\u00f3n actualizada en t\u00e9cnicas de rehabilitaci\u00f3n est\u00e9tica adhesiva y un alto nivel de autoexigencia, trata minuciosamente cada caso hasta que quedan perfectos.<\/p>\n<p>El tratamiento de carillas requiere perfecci\u00f3n, por ello, pese a no dilatarse mucho en el tiempo, no se soluciona solamente con una visita. Te contamos como es el proceso:<\/p>\n<\/div>\n<\/div>\n<div class=\"wpb_text_column wpb_content_element \">\n<div class=\"wpb_wrapper\">\n<ol>\n<li style=\"text-align: justify;\">Visita para conocerte, en \u00e9l, te tomaremos unos moldes de tu boca y te haremos un estudio fotogr\u00e1fico para valorar el n\u00famero y el tipo de carillas m\u00e1s adecuado.<\/li>\n<li style=\"text-align: justify;\">Ensayo en boca o Mock up de las carillas. Colocamos sobre los dientes una fina capa de resina provisional para ensayar el tratamiento de carillas, de esta manera podr\u00e1s ver c\u00f3mo quedar\u00e1 el tratamiento final.<\/li>\n<li style=\"text-align: justify;\">Preparamos tus dientes para las carillas de porcelana.<\/li>\n<li style=\"text-align: justify;\">Colocamos las carillas.<\/li>\n<\/ol>\n<\/div>\n<\/div>\n<p>[\/vc_column_text]<blockquote class=' with_quote_icon' style=''><i class='fa fa-quote-right' style=''><\/i><h5 class='blockquote-text' style=''>Los tratamientos de est\u00e9tica con carillas son una de nuestras pasiones. Los cambios a nivel est\u00e9tico que podemos conseguir son espectaculares, una de las claves es decidir junto a nuestros pacientes los cambios de color y forma que queremos conseguir.<\/h5><\/blockquote>[\/vc_column][vc_column width=&#8221;1\/2&#8243;][vc_single_image image=&#8221;15682&#8243; img_size=&#8221;full&#8221; alignment=&#8221;center&#8221; qode_css_animation=&#8221;&#8221;][\/vc_column][\/vc_row]<\/p>\n","protected":false},"excerpt":{"rendered":"<p>[vc_row css_animation=&#8221;&#8221; row_type=&#8221;row&#8221; use_row_as_full_screen_section=&#8221;no&#8221; type=&#8221;full_width&#8221; angled_section=&#8221;no&#8221; text_align=&#8221;left&#8221; background_image_as_pattern=&#8221;without_pattern&#8221; css=&#8221;.vc_custom_1616789346681{margin-top: 100px !important;margin-bottom: 30px !important;padding-top: 50px !important;padding-bottom: 50px !important;background-color: #000000 !important;}&#8221; z_index=&#8221;&#8221;][vc_column width=&#8221;1\/6&#8243;][\/vc_column][vc_column width=&#8221;2\/3&#8243;][\/vc_column][vc_column width=&#8221;1\/6&#8243;][\/vc_column][\/vc_row][vc_row css_animation=&#8221;&#8221; row_type=&#8221;row&#8221; use_row_as_full_screen_section=&#8221;no&#8221; type=&#8221;grid&#8221; angled_section=&#8221;no&#8221; text_align=&#8221;left&#8221; background_image_as_pattern=&#8221;without_pattern&#8221; z_index=&#8221;&#8221;][vc_column width=&#8221;1\/2&#8243;][vc_column_text] L&#8217;aparen\u00e7a f\u00edsica \u00e9s una cosa que influeix al nostre dia a dia i&#8230;<\/p>\n","protected":false},"author":1,"featured_media":15877,"parent":0,"menu_order":0,"comment_status":"closed","ping_status":"closed","template":"full_width.php","meta":{"_joinchat":[],"footnotes":""},"class_list":["post-15939","page","type-page","status-publish","has-post-thumbnail","hentry"],"yoast_head":"<!-- This site is optimized with the Yoast SEO plugin v25.6 - https:\/\/yoast.com\/wordpress\/plugins\/seo\/ -->\n<title>EST\u00c8TICA DENTAL I ODONTOLOGIA CONSERVADORA - Mar\u00edn Lozano Dentistas<\/title>\n<meta name=\"robots\" content=\"index, follow, max-snippet:-1, max-image-preview:large, max-video-preview:-1\" \/>\n<link rel=\"canonical\" href=\"https:\/\/marinlozanodentistas.com\/ca\/estetica-dental-santa-coloma\/\" \/>\n<meta property=\"og:locale\" content=\"ca_ES\" \/>\n<meta property=\"og:type\" content=\"article\" \/>\n<meta property=\"og:title\" content=\"EST\u00c8TICA DENTAL I ODONTOLOGIA CONSERVADORA - Mar\u00edn Lozano Dentistas\" \/>\n<meta property=\"og:description\" content=\"[vc_row css_animation=&#8221;&#8221; row_type=&#8221;row&#8221; use_row_as_full_screen_section=&#8221;no&#8221; type=&#8221;full_width&#8221; angled_section=&#8221;no&#8221; text_align=&#8221;left&#8221; background_image_as_pattern=&#8221;without_pattern&#8221; css=&#8221;.vc_custom_1616789346681{margin-top: 100px !important;margin-bottom: 30px !important;padding-top: 50px !important;padding-bottom: 50px !important;background-color: #000000 !important;}&#8221; z_index=&#8221;&#8221;][vc_column width=&#8221;1\/6&#8243;][\/vc_column][vc_column width=&#8221;2\/3&#8243;][\/vc_column][vc_column width=&#8221;1\/6&#8243;][\/vc_column][\/vc_row][vc_row css_animation=&#8221;&#8221; row_type=&#8221;row&#8221; use_row_as_full_screen_section=&#8221;no&#8221; type=&#8221;grid&#8221; angled_section=&#8221;no&#8221; text_align=&#8221;left&#8221; background_image_as_pattern=&#8221;without_pattern&#8221; z_index=&#8221;&#8221;][vc_column width=&#8221;1\/2&#8243;][vc_column_text] L&#8217;aparen\u00e7a f\u00edsica \u00e9s una cosa que influeix al nostre dia a dia i...\" \/>\n<meta property=\"og:url\" content=\"https:\/\/marinlozanodentistas.com\/ca\/estetica-dental-santa-coloma\/\" \/>\n<meta property=\"og:site_name\" content=\"Mar\u00edn Lozano Dentistas\" \/>\n<meta property=\"article:modified_time\" content=\"2024-10-19T12:36:21+00:00\" \/>\n<meta property=\"og:image\" content=\"https:\/\/marinlozanodentistas.com\/wp-content\/uploads\/2021\/04\/estetica-dental-santa-coloma.jpg\" \/>\n\t<meta property=\"og:image:width\" content=\"1920\" \/>\n\t<meta property=\"og:image:height\" content=\"1280\" \/>\n\t<meta property=\"og:image:type\" content=\"image\/jpeg\" \/>\n<meta name=\"twitter:card\" content=\"summary_large_image\" \/>\n<meta name=\"twitter:label1\" content=\"Temps estimat de lectura\" \/>\n\t<meta name=\"twitter:data1\" content=\"2 minuts\" \/>\n<script type=\"application\/ld+json\" class=\"yoast-schema-graph\">{\"@context\":\"https:\/\/schema.org\",\"@graph\":[{\"@type\":\"WebPage\",\"@id\":\"https:\/\/marinlozanodentistas.com\/ca\/estetica-dental-santa-coloma\/\",\"url\":\"https:\/\/marinlozanodentistas.com\/ca\/estetica-dental-santa-coloma\/\",\"name\":\"EST\u00c8TICA DENTAL I ODONTOLOGIA CONSERVADORA - Mar\u00edn Lozano Dentistas\",\"isPartOf\":{\"@id\":\"https:\/\/marinlozanodentistas.com\/#website\"},\"primaryImageOfPage\":{\"@id\":\"https:\/\/marinlozanodentistas.com\/ca\/estetica-dental-santa-coloma\/#primaryimage\"},\"image\":{\"@id\":\"https:\/\/marinlozanodentistas.com\/ca\/estetica-dental-santa-coloma\/#primaryimage\"},\"thumbnailUrl\":\"https:\/\/marinlozanodentistas.com\/wp-content\/uploads\/2021\/04\/estetica-dental-santa-coloma.jpg\",\"datePublished\":\"2021-04-12T13:07:25+00:00\",\"dateModified\":\"2024-10-19T12:36:21+00:00\",\"breadcrumb\":{\"@id\":\"https:\/\/marinlozanodentistas.com\/ca\/estetica-dental-santa-coloma\/#breadcrumb\"},\"inLanguage\":\"ca\",\"potentialAction\":[{\"@type\":\"ReadAction\",\"target\":[\"https:\/\/marinlozanodentistas.com\/ca\/estetica-dental-santa-coloma\/\"]}]},{\"@type\":\"ImageObject\",\"inLanguage\":\"ca\",\"@id\":\"https:\/\/marinlozanodentistas.com\/ca\/estetica-dental-santa-coloma\/#primaryimage\",\"url\":\"https:\/\/marinlozanodentistas.com\/wp-content\/uploads\/2021\/04\/estetica-dental-santa-coloma.jpg\",\"contentUrl\":\"https:\/\/marinlozanodentistas.com\/wp-content\/uploads\/2021\/04\/estetica-dental-santa-coloma.jpg\",\"width\":1920,\"height\":1280},{\"@type\":\"BreadcrumbList\",\"@id\":\"https:\/\/marinlozanodentistas.com\/ca\/estetica-dental-santa-coloma\/#breadcrumb\",\"itemListElement\":[{\"@type\":\"ListItem\",\"position\":1,\"name\":\"Portada\",\"item\":\"https:\/\/marinlozanodentistas.com\/ca\/\"},{\"@type\":\"ListItem\",\"position\":2,\"name\":\"EST\u00c8TICA DENTAL I ODONTOLOGIA CONSERVADORA\"}]},{\"@type\":\"WebSite\",\"@id\":\"https:\/\/marinlozanodentistas.com\/#website\",\"url\":\"https:\/\/marinlozanodentistas.com\/\",\"name\":\"Mar\u00edn Lozano Dentistas\",\"description\":\"LA EXPERIENCIA Y LA DEDICACI\u00d3N QUE TU BOCA MERECE. CL\u00cdNICA DENTAL EN SANTA COLOMA\",\"publisher\":{\"@id\":\"https:\/\/marinlozanodentistas.com\/#organization\"},\"potentialAction\":[{\"@type\":\"SearchAction\",\"target\":{\"@type\":\"EntryPoint\",\"urlTemplate\":\"https:\/\/marinlozanodentistas.com\/?s={search_term_string}\"},\"query-input\":{\"@type\":\"PropertyValueSpecification\",\"valueRequired\":true,\"valueName\":\"search_term_string\"}}],\"inLanguage\":\"ca\"},{\"@type\":\"Organization\",\"@id\":\"https:\/\/marinlozanodentistas.com\/#organization\",\"name\":\"Cl\u00ednica Dental Mar\u00edn Lozano\",\"url\":\"https:\/\/marinlozanodentistas.com\/\",\"logo\":{\"@type\":\"ImageObject\",\"inLanguage\":\"ca\",\"@id\":\"https:\/\/marinlozanodentistas.com\/#\/schema\/logo\/image\/\",\"url\":\"https:\/\/marinlozanodentistas.com\/wp-content\/uploads\/2021\/03\/593A6360-2-scaled-e1617039453413.jpg\",\"contentUrl\":\"https:\/\/marinlozanodentistas.com\/wp-content\/uploads\/2021\/03\/593A6360-2-scaled-e1617039453413.jpg\",\"width\":460,\"height\":307,\"caption\":\"Cl\u00ednica Dental Mar\u00edn Lozano\"},\"image\":{\"@id\":\"https:\/\/marinlozanodentistas.com\/#\/schema\/logo\/image\/\"}}]}<\/script>\n<!-- \/ Yoast SEO plugin. -->","yoast_head_json":{"title":"EST\u00c8TICA DENTAL I ODONTOLOGIA CONSERVADORA - Mar\u00edn Lozano Dentistas","robots":{"index":"index","follow":"follow","max-snippet":"max-snippet:-1","max-image-preview":"max-image-preview:large","max-video-preview":"max-video-preview:-1"},"canonical":"https:\/\/marinlozanodentistas.com\/ca\/estetica-dental-santa-coloma\/","og_locale":"ca_ES","og_type":"article","og_title":"EST\u00c8TICA DENTAL I ODONTOLOGIA CONSERVADORA - Mar\u00edn Lozano Dentistas","og_description":"[vc_row css_animation=&#8221;&#8221; row_type=&#8221;row&#8221; use_row_as_full_screen_section=&#8221;no&#8221; type=&#8221;full_width&#8221; angled_section=&#8221;no&#8221; text_align=&#8221;left&#8221; background_image_as_pattern=&#8221;without_pattern&#8221; css=&#8221;.vc_custom_1616789346681{margin-top: 100px !important;margin-bottom: 30px !important;padding-top: 50px !important;padding-bottom: 50px !important;background-color: #000000 !important;}&#8221; z_index=&#8221;&#8221;][vc_column width=&#8221;1\/6&#8243;][\/vc_column][vc_column width=&#8221;2\/3&#8243;][\/vc_column][vc_column width=&#8221;1\/6&#8243;][\/vc_column][\/vc_row][vc_row css_animation=&#8221;&#8221; row_type=&#8221;row&#8221; use_row_as_full_screen_section=&#8221;no&#8221; type=&#8221;grid&#8221; angled_section=&#8221;no&#8221; text_align=&#8221;left&#8221; background_image_as_pattern=&#8221;without_pattern&#8221; z_index=&#8221;&#8221;][vc_column width=&#8221;1\/2&#8243;][vc_column_text] L&#8217;aparen\u00e7a f\u00edsica \u00e9s una cosa que influeix al nostre dia a dia i...","og_url":"https:\/\/marinlozanodentistas.com\/ca\/estetica-dental-santa-coloma\/","og_site_name":"Mar\u00edn Lozano Dentistas","article_modified_time":"2024-10-19T12:36:21+00:00","og_image":[{"width":1920,"height":1280,"url":"https:\/\/marinlozanodentistas.com\/wp-content\/uploads\/2021\/04\/estetica-dental-santa-coloma.jpg","type":"image\/jpeg"}],"twitter_card":"summary_large_image","twitter_misc":{"Temps estimat de lectura":"2 minuts"},"schema":{"@context":"https:\/\/schema.org","@graph":[{"@type":"WebPage","@id":"https:\/\/marinlozanodentistas.com\/ca\/estetica-dental-santa-coloma\/","url":"https:\/\/marinlozanodentistas.com\/ca\/estetica-dental-santa-coloma\/","name":"EST\u00c8TICA DENTAL I ODONTOLOGIA CONSERVADORA - Mar\u00edn Lozano Dentistas","isPartOf":{"@id":"https:\/\/marinlozanodentistas.com\/#website"},"primaryImageOfPage":{"@id":"https:\/\/marinlozanodentistas.com\/ca\/estetica-dental-santa-coloma\/#primaryimage"},"image":{"@id":"https:\/\/marinlozanodentistas.com\/ca\/estetica-dental-santa-coloma\/#primaryimage"},"thumbnailUrl":"https:\/\/marinlozanodentistas.com\/wp-content\/uploads\/2021\/04\/estetica-dental-santa-coloma.jpg","datePublished":"2021-04-12T13:07:25+00:00","dateModified":"2024-10-19T12:36:21+00:00","breadcrumb":{"@id":"https:\/\/marinlozanodentistas.com\/ca\/estetica-dental-santa-coloma\/#breadcrumb"},"inLanguage":"ca","potentialAction":[{"@type":"ReadAction","target":["https:\/\/marinlozanodentistas.com\/ca\/estetica-dental-santa-coloma\/"]}]},{"@type":"ImageObject","inLanguage":"ca","@id":"https:\/\/marinlozanodentistas.com\/ca\/estetica-dental-santa-coloma\/#primaryimage","url":"https:\/\/marinlozanodentistas.com\/wp-content\/uploads\/2021\/04\/estetica-dental-santa-coloma.jpg","contentUrl":"https:\/\/marinlozanodentistas.com\/wp-content\/uploads\/2021\/04\/estetica-dental-santa-coloma.jpg","width":1920,"height":1280},{"@type":"BreadcrumbList","@id":"https:\/\/marinlozanodentistas.com\/ca\/estetica-dental-santa-coloma\/#breadcrumb","itemListElement":[{"@type":"ListItem","position":1,"name":"Portada","item":"https:\/\/marinlozanodentistas.com\/ca\/"},{"@type":"ListItem","position":2,"name":"EST\u00c8TICA DENTAL I ODONTOLOGIA CONSERVADORA"}]},{"@type":"WebSite","@id":"https:\/\/marinlozanodentistas.com\/#website","url":"https:\/\/marinlozanodentistas.com\/","name":"Mar\u00edn Lozano Dentistas","description":"LA EXPERIENCIA Y LA DEDICACI\u00d3N QUE TU BOCA MERECE. CL\u00cdNICA DENTAL EN SANTA COLOMA","publisher":{"@id":"https:\/\/marinlozanodentistas.com\/#organization"},"potentialAction":[{"@type":"SearchAction","target":{"@type":"EntryPoint","urlTemplate":"https:\/\/marinlozanodentistas.com\/?s={search_term_string}"},"query-input":{"@type":"PropertyValueSpecification","valueRequired":true,"valueName":"search_term_string"}}],"inLanguage":"ca"},{"@type":"Organization","@id":"https:\/\/marinlozanodentistas.com\/#organization","name":"Cl\u00ednica Dental Mar\u00edn Lozano","url":"https:\/\/marinlozanodentistas.com\/","logo":{"@type":"ImageObject","inLanguage":"ca","@id":"https:\/\/marinlozanodentistas.com\/#\/schema\/logo\/image\/","url":"https:\/\/marinlozanodentistas.com\/wp-content\/uploads\/2021\/03\/593A6360-2-scaled-e1617039453413.jpg","contentUrl":"https:\/\/marinlozanodentistas.com\/wp-content\/uploads\/2021\/03\/593A6360-2-scaled-e1617039453413.jpg","width":460,"height":307,"caption":"Cl\u00ednica Dental Mar\u00edn Lozano"},"image":{"@id":"https:\/\/marinlozanodentistas.com\/#\/schema\/logo\/image\/"}}]}},"_links":{"self":[{"href":"https:\/\/marinlozanodentistas.com\/ca\/wp-json\/wp\/v2\/pages\/15939"}],"collection":[{"href":"https:\/\/marinlozanodentistas.com\/ca\/wp-json\/wp\/v2\/pages"}],"about":[{"href":"https:\/\/marinlozanodentistas.com\/ca\/wp-json\/wp\/v2\/types\/page"}],"author":[{"embeddable":true,"href":"https:\/\/marinlozanodentistas.com\/ca\/wp-json\/wp\/v2\/users\/1"}],"replies":[{"embeddable":true,"href":"https:\/\/marinlozanodentistas.com\/ca\/wp-json\/wp\/v2\/comments?post=15939"}],"version-history":[{"count":4,"href":"https:\/\/marinlozanodentistas.com\/ca\/wp-json\/wp\/v2\/pages\/15939\/revisions"}],"predecessor-version":[{"id":16043,"href":"https:\/\/marinlozanodentistas.com\/ca\/wp-json\/wp\/v2\/pages\/15939\/revisions\/16043"}],"wp:featuredmedia":[{"embeddable":true,"href":"https:\/\/marinlozanodentistas.com\/ca\/wp-json\/wp\/v2\/media\/15877"}],"wp:attachment":[{"href":"https:\/\/marinlozanodentistas.com\/ca\/wp-json\/wp\/v2\/media?parent=15939"}],"curies":[{"name":"wp","href":"https:\/\/api.w.org\/{rel}","templated":true}]}}