{"id":15927,"date":"2021-04-12T13:07:53","date_gmt":"2021-04-12T13:07:53","guid":{"rendered":"https:\/\/marinlozanodentistas.com\/periodoncia-santa-coloma\/"},"modified":"2024-07-22T19:45:06","modified_gmt":"2024-07-22T19:45:06","slug":"periodoncia-santa-coloma","status":"publish","type":"page","link":"https:\/\/marinlozanodentistas.com\/ca\/periodoncia-santa-coloma\/","title":{"rendered":"PERIOD\u00d2NCIA"},"content":{"rendered":"<p>[vc_row css_animation=&#8221;&#8221; row_type=&#8221;row&#8221; use_row_as_full_screen_section=&#8221;no&#8221; type=&#8221;full_width&#8221; angled_section=&#8221;no&#8221; text_align=&#8221;left&#8221; background_image_as_pattern=&#8221;without_pattern&#8221; css=&#8221;.vc_custom_1616789346681{margin-top: 100px !important;margin-bottom: 30px !important;padding-top: 50px !important;padding-bottom: 50px !important;background-color: #000000 !important;}&#8221; z_index=&#8221;&#8221;][vc_column width=&#8221;1\/6&#8243;][\/vc_column][vc_column width=&#8221;2\/3&#8243;]<div id=\"ultimate-heading-11286a0087d7b1806\" class=\"uvc-heading ult-adjust-bottom-margin ultimate-heading-11286a0087d7b1806 uvc-9543 \" data-hspacer=\"no_spacer\"  data-halign=\"center\" style=\"text-align:center\"><div class=\"uvc-heading-spacer no_spacer\" style=\"top\"><\/div><div class=\"uvc-main-heading ult-responsive\"  data-ultimate-target='.uvc-heading.ultimate-heading-11286a0087d7b1806 h1'  data-responsive-json-new='{\"font-size\":\"desktop:32px;\",\"line-height\":\"\"}' ><h1 style=\"font-weight:normal;color:#ffffff;\">PERIOD\u00d2NCIA A SANTA COLOMA<\/h1><\/div><\/div>[\/vc_column][vc_column width=&#8221;1\/6&#8243;][\/vc_column][\/vc_row][vc_row css_animation=&#8221;&#8221; row_type=&#8221;row&#8221; use_row_as_full_screen_section=&#8221;no&#8221; type=&#8221;grid&#8221; angled_section=&#8221;no&#8221; text_align=&#8221;left&#8221; background_image_as_pattern=&#8221;without_pattern&#8221; z_index=&#8221;&#8221;][vc_column width=&#8221;1\/2&#8243;][vc_column_text]<\/p>\n<div class=\"wpb_text_column wpb_content_element \">\n<div class=\"wpb_wrapper\">\n<p>La period\u00f2ncia \u00e9s l&#8217;especialitat responsable de mantenir les genives i els teixits que donen suport a les dents de manera saludable.<\/p>\n<p>Una bona salut a les nostres genives i una correcta higiene, ajuden a que diferents tractaments com l&#8217;ortod\u00f2ncia, la implantologia o l&#8217;est\u00e8tica dental aconsegueixin un \u00e8xit m\u00e9s gran.<\/p>\n<p>Gingivitis<\/p>\n<p>Afecta \u00fanicament la geniva i causa un proc\u00e9s inflamatori que pot provocar sagnat, especialment en el moment del raspallat. Val la pena parar atenci\u00f3 a aquest senyal d&#8217;alarma ja que, per sort, una gingivitis tractada a temps \u00e9s reversible.<\/p>\n<p>Periodontitis<\/p>\n<p>Quan una gingivitis es mant\u00e9 sense tractar durant molt de temps i, a m\u00e9s, es donen altres factors com dents mal alineades, una pr\u00f2tesi mal adaptada o factors gen\u00e8tics pot iniciar-se una periodontitis.<\/p>\n<p>A m\u00e9s de la inflamaci\u00f3 de la geniva, es produeix una destrucci\u00f3 dels teixits que sostenen les dents, cosa que pot provocar la seva caiguda fins i tot en persones joves.<\/p>\n<p>A Marin-Lozano Dentistas comptem amb la Dra. Marta Aloy experta en period\u00f2ncia. Ella \u00e9s qui aplica els protocols m\u00e9s nous per garantir la major salut a les genives, explica a cada pacient les t\u00e8cniques de raspallat i els passos que ha de seguir perqu\u00e8 ells mateixos puguin mantenir la salut de la boca.<\/p>\n<p>Cada pacient \u00e9s diferent i per aix\u00f2 el nostre equip realitza un protocol d&#8217;estudi previ al tractament sempre amb la prioritat de conservar les dents i mantenir tot el teixit que els envolta de manera saludable.<\/p>\n<\/div>\n<\/div>\n<p>[\/vc_column_text]<blockquote class=' with_quote_icon' style=''><i class='fa fa-quote-right' style=''><\/i><h5 class='blockquote-text' style=''>Tenir cura de les teves genives \u00e9s la base per tenir una boca sana. La seva salut \u00e9s la clau per tenir unes dents fortes durant molt de temps.<\/h5><\/blockquote>[\/vc_column][vc_column width=&#8221;1\/2&#8243;][vc_single_image image=&#8221;15684&#8243; img_size=&#8221;full&#8221; alignment=&#8221;center&#8221; qode_css_animation=&#8221;&#8221;][\/vc_column][\/vc_row]<\/p>\n","protected":false},"excerpt":{"rendered":"<p>[vc_row css_animation=&#8221;&#8221; row_type=&#8221;row&#8221; use_row_as_full_screen_section=&#8221;no&#8221; type=&#8221;full_width&#8221; angled_section=&#8221;no&#8221; text_align=&#8221;left&#8221; background_image_as_pattern=&#8221;without_pattern&#8221; css=&#8221;.vc_custom_1616789346681{margin-top: 100px !important;margin-bottom: 30px !important;padding-top: 50px !important;padding-bottom: 50px !important;background-color: #000000 !important;}&#8221; z_index=&#8221;&#8221;][vc_column width=&#8221;1\/6&#8243;][\/vc_column][vc_column width=&#8221;2\/3&#8243;][\/vc_column][vc_column width=&#8221;1\/6&#8243;][\/vc_column][\/vc_row][vc_row css_animation=&#8221;&#8221; row_type=&#8221;row&#8221; use_row_as_full_screen_section=&#8221;no&#8221; type=&#8221;grid&#8221; angled_section=&#8221;no&#8221; text_align=&#8221;left&#8221; background_image_as_pattern=&#8221;without_pattern&#8221; z_index=&#8221;&#8221;][vc_column width=&#8221;1\/2&#8243;][vc_column_text] La period\u00f2ncia \u00e9s l&#8217;especialitat responsable de mantenir les genives i els teixits que&#8230;<\/p>\n","protected":false},"author":1,"featured_media":0,"parent":0,"menu_order":0,"comment_status":"closed","ping_status":"closed","template":"full_width.php","meta":{"_joinchat":[],"footnotes":""},"class_list":["post-15927","page","type-page","status-publish","hentry"],"yoast_head":"<!-- This site is optimized with the Yoast SEO plugin v25.6 - https:\/\/yoast.com\/wordpress\/plugins\/seo\/ -->\n<title>PERIOD\u00d2NCIA - Mar\u00edn Lozano Dentistas<\/title>\n<meta name=\"robots\" content=\"index, follow, max-snippet:-1, max-image-preview:large, max-video-preview:-1\" \/>\n<link rel=\"canonical\" href=\"https:\/\/marinlozanodentistas.com\/ca\/periodoncia-santa-coloma\/\" \/>\n<meta property=\"og:locale\" content=\"ca_ES\" \/>\n<meta property=\"og:type\" content=\"article\" \/>\n<meta property=\"og:title\" content=\"PERIOD\u00d2NCIA - Mar\u00edn Lozano Dentistas\" \/>\n<meta property=\"og:description\" content=\"[vc_row css_animation=&#8221;&#8221; row_type=&#8221;row&#8221; use_row_as_full_screen_section=&#8221;no&#8221; type=&#8221;full_width&#8221; angled_section=&#8221;no&#8221; text_align=&#8221;left&#8221; background_image_as_pattern=&#8221;without_pattern&#8221; css=&#8221;.vc_custom_1616789346681{margin-top: 100px !important;margin-bottom: 30px !important;padding-top: 50px !important;padding-bottom: 50px !important;background-color: #000000 !important;}&#8221; z_index=&#8221;&#8221;][vc_column width=&#8221;1\/6&#8243;][\/vc_column][vc_column width=&#8221;2\/3&#8243;][\/vc_column][vc_column width=&#8221;1\/6&#8243;][\/vc_column][\/vc_row][vc_row css_animation=&#8221;&#8221; row_type=&#8221;row&#8221; use_row_as_full_screen_section=&#8221;no&#8221; type=&#8221;grid&#8221; angled_section=&#8221;no&#8221; text_align=&#8221;left&#8221; background_image_as_pattern=&#8221;without_pattern&#8221; z_index=&#8221;&#8221;][vc_column width=&#8221;1\/2&#8243;][vc_column_text] La period\u00f2ncia \u00e9s l&#8217;especialitat responsable de mantenir les genives i els teixits que...\" \/>\n<meta property=\"og:url\" content=\"https:\/\/marinlozanodentistas.com\/ca\/periodoncia-santa-coloma\/\" \/>\n<meta property=\"og:site_name\" content=\"Mar\u00edn Lozano Dentistas\" \/>\n<meta property=\"article:modified_time\" content=\"2024-07-22T19:45:06+00:00\" \/>\n<meta name=\"twitter:card\" content=\"summary_large_image\" \/>\n<meta name=\"twitter:label1\" content=\"Temps estimat de lectura\" \/>\n\t<meta name=\"twitter:data1\" content=\"2 minuts\" \/>\n<script type=\"application\/ld+json\" class=\"yoast-schema-graph\">{\"@context\":\"https:\/\/schema.org\",\"@graph\":[{\"@type\":\"WebPage\",\"@id\":\"https:\/\/marinlozanodentistas.com\/ca\/periodoncia-santa-coloma\/\",\"url\":\"https:\/\/marinlozanodentistas.com\/ca\/periodoncia-santa-coloma\/\",\"name\":\"PERIOD\u00d2NCIA - Mar\u00edn Lozano Dentistas\",\"isPartOf\":{\"@id\":\"https:\/\/marinlozanodentistas.com\/#website\"},\"datePublished\":\"2021-04-12T13:07:53+00:00\",\"dateModified\":\"2024-07-22T19:45:06+00:00\",\"breadcrumb\":{\"@id\":\"https:\/\/marinlozanodentistas.com\/ca\/periodoncia-santa-coloma\/#breadcrumb\"},\"inLanguage\":\"ca\",\"potentialAction\":[{\"@type\":\"ReadAction\",\"target\":[\"https:\/\/marinlozanodentistas.com\/ca\/periodoncia-santa-coloma\/\"]}]},{\"@type\":\"BreadcrumbList\",\"@id\":\"https:\/\/marinlozanodentistas.com\/ca\/periodoncia-santa-coloma\/#breadcrumb\",\"itemListElement\":[{\"@type\":\"ListItem\",\"position\":1,\"name\":\"Portada\",\"item\":\"https:\/\/marinlozanodentistas.com\/ca\/\"},{\"@type\":\"ListItem\",\"position\":2,\"name\":\"PERIOD\u00d2NCIA\"}]},{\"@type\":\"WebSite\",\"@id\":\"https:\/\/marinlozanodentistas.com\/#website\",\"url\":\"https:\/\/marinlozanodentistas.com\/\",\"name\":\"Mar\u00edn Lozano Dentistas\",\"description\":\"LA EXPERIENCIA Y LA DEDICACI\u00d3N QUE TU BOCA MERECE. CL\u00cdNICA DENTAL EN SANTA COLOMA\",\"publisher\":{\"@id\":\"https:\/\/marinlozanodentistas.com\/#organization\"},\"potentialAction\":[{\"@type\":\"SearchAction\",\"target\":{\"@type\":\"EntryPoint\",\"urlTemplate\":\"https:\/\/marinlozanodentistas.com\/?s={search_term_string}\"},\"query-input\":{\"@type\":\"PropertyValueSpecification\",\"valueRequired\":true,\"valueName\":\"search_term_string\"}}],\"inLanguage\":\"ca\"},{\"@type\":\"Organization\",\"@id\":\"https:\/\/marinlozanodentistas.com\/#organization\",\"name\":\"Cl\u00ednica Dental Mar\u00edn Lozano\",\"url\":\"https:\/\/marinlozanodentistas.com\/\",\"logo\":{\"@type\":\"ImageObject\",\"inLanguage\":\"ca\",\"@id\":\"https:\/\/marinlozanodentistas.com\/#\/schema\/logo\/image\/\",\"url\":\"https:\/\/marinlozanodentistas.com\/wp-content\/uploads\/2021\/03\/593A6360-2-scaled-e1617039453413.jpg\",\"contentUrl\":\"https:\/\/marinlozanodentistas.com\/wp-content\/uploads\/2021\/03\/593A6360-2-scaled-e1617039453413.jpg\",\"width\":460,\"height\":307,\"caption\":\"Cl\u00ednica Dental Mar\u00edn Lozano\"},\"image\":{\"@id\":\"https:\/\/marinlozanodentistas.com\/#\/schema\/logo\/image\/\"}}]}<\/script>\n<!-- \/ Yoast SEO plugin. -->","yoast_head_json":{"title":"PERIOD\u00d2NCIA - Mar\u00edn Lozano Dentistas","robots":{"index":"index","follow":"follow","max-snippet":"max-snippet:-1","max-image-preview":"max-image-preview:large","max-video-preview":"max-video-preview:-1"},"canonical":"https:\/\/marinlozanodentistas.com\/ca\/periodoncia-santa-coloma\/","og_locale":"ca_ES","og_type":"article","og_title":"PERIOD\u00d2NCIA - Mar\u00edn Lozano Dentistas","og_description":"[vc_row css_animation=&#8221;&#8221; row_type=&#8221;row&#8221; use_row_as_full_screen_section=&#8221;no&#8221; type=&#8221;full_width&#8221; angled_section=&#8221;no&#8221; text_align=&#8221;left&#8221; background_image_as_pattern=&#8221;without_pattern&#8221; css=&#8221;.vc_custom_1616789346681{margin-top: 100px !important;margin-bottom: 30px !important;padding-top: 50px !important;padding-bottom: 50px !important;background-color: #000000 !important;}&#8221; z_index=&#8221;&#8221;][vc_column width=&#8221;1\/6&#8243;][\/vc_column][vc_column width=&#8221;2\/3&#8243;][\/vc_column][vc_column width=&#8221;1\/6&#8243;][\/vc_column][\/vc_row][vc_row css_animation=&#8221;&#8221; row_type=&#8221;row&#8221; use_row_as_full_screen_section=&#8221;no&#8221; type=&#8221;grid&#8221; angled_section=&#8221;no&#8221; text_align=&#8221;left&#8221; background_image_as_pattern=&#8221;without_pattern&#8221; z_index=&#8221;&#8221;][vc_column width=&#8221;1\/2&#8243;][vc_column_text] La period\u00f2ncia \u00e9s l&#8217;especialitat responsable de mantenir les genives i els teixits que...","og_url":"https:\/\/marinlozanodentistas.com\/ca\/periodoncia-santa-coloma\/","og_site_name":"Mar\u00edn Lozano Dentistas","article_modified_time":"2024-07-22T19:45:06+00:00","twitter_card":"summary_large_image","twitter_misc":{"Temps estimat de lectura":"2 minuts"},"schema":{"@context":"https:\/\/schema.org","@graph":[{"@type":"WebPage","@id":"https:\/\/marinlozanodentistas.com\/ca\/periodoncia-santa-coloma\/","url":"https:\/\/marinlozanodentistas.com\/ca\/periodoncia-santa-coloma\/","name":"PERIOD\u00d2NCIA - Mar\u00edn Lozano Dentistas","isPartOf":{"@id":"https:\/\/marinlozanodentistas.com\/#website"},"datePublished":"2021-04-12T13:07:53+00:00","dateModified":"2024-07-22T19:45:06+00:00","breadcrumb":{"@id":"https:\/\/marinlozanodentistas.com\/ca\/periodoncia-santa-coloma\/#breadcrumb"},"inLanguage":"ca","potentialAction":[{"@type":"ReadAction","target":["https:\/\/marinlozanodentistas.com\/ca\/periodoncia-santa-coloma\/"]}]},{"@type":"BreadcrumbList","@id":"https:\/\/marinlozanodentistas.com\/ca\/periodoncia-santa-coloma\/#breadcrumb","itemListElement":[{"@type":"ListItem","position":1,"name":"Portada","item":"https:\/\/marinlozanodentistas.com\/ca\/"},{"@type":"ListItem","position":2,"name":"PERIOD\u00d2NCIA"}]},{"@type":"WebSite","@id":"https:\/\/marinlozanodentistas.com\/#website","url":"https:\/\/marinlozanodentistas.com\/","name":"Mar\u00edn Lozano Dentistas","description":"LA EXPERIENCIA Y LA DEDICACI\u00d3N QUE TU BOCA MERECE. CL\u00cdNICA DENTAL EN SANTA COLOMA","publisher":{"@id":"https:\/\/marinlozanodentistas.com\/#organization"},"potentialAction":[{"@type":"SearchAction","target":{"@type":"EntryPoint","urlTemplate":"https:\/\/marinlozanodentistas.com\/?s={search_term_string}"},"query-input":{"@type":"PropertyValueSpecification","valueRequired":true,"valueName":"search_term_string"}}],"inLanguage":"ca"},{"@type":"Organization","@id":"https:\/\/marinlozanodentistas.com\/#organization","name":"Cl\u00ednica Dental Mar\u00edn Lozano","url":"https:\/\/marinlozanodentistas.com\/","logo":{"@type":"ImageObject","inLanguage":"ca","@id":"https:\/\/marinlozanodentistas.com\/#\/schema\/logo\/image\/","url":"https:\/\/marinlozanodentistas.com\/wp-content\/uploads\/2021\/03\/593A6360-2-scaled-e1617039453413.jpg","contentUrl":"https:\/\/marinlozanodentistas.com\/wp-content\/uploads\/2021\/03\/593A6360-2-scaled-e1617039453413.jpg","width":460,"height":307,"caption":"Cl\u00ednica Dental Mar\u00edn Lozano"},"image":{"@id":"https:\/\/marinlozanodentistas.com\/#\/schema\/logo\/image\/"}}]}},"_links":{"self":[{"href":"https:\/\/marinlozanodentistas.com\/ca\/wp-json\/wp\/v2\/pages\/15927"}],"collection":[{"href":"https:\/\/marinlozanodentistas.com\/ca\/wp-json\/wp\/v2\/pages"}],"about":[{"href":"https:\/\/marinlozanodentistas.com\/ca\/wp-json\/wp\/v2\/types\/page"}],"author":[{"embeddable":true,"href":"https:\/\/marinlozanodentistas.com\/ca\/wp-json\/wp\/v2\/users\/1"}],"replies":[{"embeddable":true,"href":"https:\/\/marinlozanodentistas.com\/ca\/wp-json\/wp\/v2\/comments?post=15927"}],"version-history":[{"count":4,"href":"https:\/\/marinlozanodentistas.com\/ca\/wp-json\/wp\/v2\/pages\/15927\/revisions"}],"predecessor-version":[{"id":15931,"href":"https:\/\/marinlozanodentistas.com\/ca\/wp-json\/wp\/v2\/pages\/15927\/revisions\/15931"}],"wp:attachment":[{"href":"https:\/\/marinlozanodentistas.com\/ca\/wp-json\/wp\/v2\/media?parent=15927"}],"curies":[{"name":"wp","href":"https:\/\/api.w.org\/{rel}","templated":true}]}}