{"id":15902,"date":"2021-04-12T13:06:41","date_gmt":"2021-04-12T13:06:41","guid":{"rendered":"https:\/\/marinlozanodentistas.com\/ortodoncia-en-santa-coloma\/"},"modified":"2024-07-30T09:36:13","modified_gmt":"2024-07-30T09:36:13","slug":"ortodoncia-a-santa-coloma","status":"publish","type":"page","link":"https:\/\/marinlozanodentistas.com\/ca\/ortodoncia-a-santa-coloma\/","title":{"rendered":"Ortod\u00f2ncia"},"content":{"rendered":"<p>[vc_row css_animation=&#8221;&#8221; row_type=&#8221;row&#8221; use_row_as_full_screen_section=&#8221;no&#8221; type=&#8221;full_width&#8221; angled_section=&#8221;no&#8221; text_align=&#8221;left&#8221; background_image_as_pattern=&#8221;without_pattern&#8221; css=&#8221;.vc_custom_1618250060013{margin-top: 100px !important;margin-bottom: 30px !important;padding-top: 50px !important;padding-bottom: 50px !important;background-color: #000000 !important;}&#8221; z_index=&#8221;&#8221;][vc_column width=&#8221;1\/6&#8243;][\/vc_column][vc_column width=&#8221;2\/3&#8243;]<div id=\"ultimate-heading-346169e08d491ca73\" class=\"uvc-heading ult-adjust-bottom-margin ultimate-heading-346169e08d491ca73 uvc-4662 \" data-hspacer=\"no_spacer\"  data-halign=\"center\" style=\"text-align:center\"><div class=\"uvc-heading-spacer no_spacer\" style=\"top\"><\/div><div class=\"uvc-main-heading ult-responsive\"  data-ultimate-target='.uvc-heading.ultimate-heading-346169e08d491ca73 h1'  data-responsive-json-new='{\"font-size\":\"desktop:32px;\",\"line-height\":\"\"}' ><h1 style=\"font-weight:normal;color:#ffffff;\">ORTOD\u00d2NCIA A SANTA COLOMA<\/h1><\/div><\/div>[\/vc_column][vc_column width=&#8221;1\/6&#8243;][\/vc_column][\/vc_row][vc_row css_animation=&#8221;&#8221; row_type=&#8221;row&#8221; use_row_as_full_screen_section=&#8221;no&#8221; type=&#8221;grid&#8221; angled_section=&#8221;no&#8221; text_align=&#8221;left&#8221; background_image_as_pattern=&#8221;without_pattern&#8221; z_index=&#8221;&#8221;][vc_column width=&#8221;1\/2&#8243;][vc_column_text]<\/p>\n<div class=\"wpb_text_column wpb_content_element \">\n<div class=\"wpb_wrapper\">\n<p>L\u00b4ortod\u00f2ncia \u00e9s l\u00b4especialitat que s\u00b4encarrega de corregir la malposici\u00f3 dental. Reservada durant d\u00e8cades als nens, ha demostrat la seva efic\u00e0cia tamb\u00e9 en pacients adults. Actualment hi ha diferents tipus d&#8217;ortod\u00f2ncia amb qu\u00e8 podem corregir la malposici\u00f3 dental, adaptant-nos a les teves necessitats i prefer\u00e8ncies. T&#8217;expliquem els seus avantatges:<\/p>\n<p>&nbsp;<\/p>\n<p>Ortod\u00f2ncia invisible<\/p>\n<p>Utilitza unes <strong>fundes o alineadors transparents, sense Brackets ni filferros<\/strong> que es col\u00b7loquen sobre les dents per provocar el seu despla\u00e7ament fins aconseguir la posici\u00f3 correcta. Nom\u00e9s es treuen per raspallar-se les dents i per menjar.<\/p>\n<p>\u2022\u00a0\u00c9s molt m\u00e9s\u00a0<strong>c\u00f2mode<\/strong>\u00a0ja que no hi ha res fix a la boca que pugui causar irritaci\u00f3 a les genives o als llavis.<\/p>\n<p>\u2022\u00a0 Els alineadors transparents s\u00f3n altament\u00a0<strong>est\u00e8tics<\/strong>\u00a0i fan que l&#8217;ortod\u00f2ncia passi desapercebuda, no afecta la parla ni causa mol\u00e8sties. Si no ho dius, no ho saben.<\/p>\n<p>\u2022 En tractar-se de f\u00e8rules removibles, faciliten la <strong>higiene<\/strong> que evita els problemes de genives que normalment sorgeixen en l&#8217;ortod\u00f2ncia fixa a causa de la dificultat del raspallat.<\/p>\n<p>\u2022\u00a0 Facilita el\u00a0<strong>manteniment<\/strong>\u00a0de la nostra boca; si durant el tractament d&#8217;ortod\u00f2ncia sorgeixen altres problemes com c\u00e0ries, s\u00f3n m\u00e9s f\u00e0cils de detectar i de tractar.<\/p>\n<p>\u2022\u00a0 Pots seguir amb la teva\u00a0<strong>dieta<\/strong>\u00a0habitual sense restriccions. En ser f\u00e8rules removibles pots menjar aliments durs que amb brackets estan restringits i alhora t&#8217;oblides de la incomoditat del menjar que queda enganxat entre els brackets.<\/p>\n<p>&nbsp;<\/p>\n<p>Ortod\u00f2ncia fixa amb brackets<\/p>\n<p>Poden ser met\u00e0l\u00b7lics o cer\u00e0mics i els recomanem en els casos m\u00e9s complexos; aquells que l&#8217;ortod\u00f2ncia invisible no pot corregir.<\/p>\n<p>\u2022 Com que s\u00f3n met\u00e0l\u00b7lics s\u00f3n m\u00e9s resistents i \u00e9s molt dif\u00edcil que es trenquin. En el cas dels brackets cer\u00e0mics, sempre busquem els materials amb m\u00e9s qualitat del mercat, per garantir que no es trenquin.<\/p>\n<p>\u2022\u00a0 Els moviments s\u00f3n m\u00e9s predictibles i per tant m\u00e9s efectius.<\/p>\n<p>\u2022\u00a0 El tractament d&#8217;ortod\u00f2ncia fixa \u00e9s el m\u00e9s econ\u00f2mic de tots els tractaments d&#8217;ortod\u00f2ncia que oferim.<\/p>\n<p>A Marin-Lozano Dentistas comptem amb un especialista en Ortod\u00f2ncia, el doctor Pedro Dominguez, un professional amb \u00e0mplia experi\u00e8ncia que despr\u00e9s de con\u00e8ixer les teves inquietuds i fer una valoraci\u00f3 de la funcionalitat de la teva boca, et proposar\u00e0 el tractament que m\u00e9s s&#8217;ajusti a les teves necessitats.<\/p>\n<\/div>\n<\/div>\n<p>[\/vc_column_text]<blockquote class=' with_quote_icon' style=''><i class='fa fa-quote-right' style=''><\/i><h5 class='blockquote-text' style=''>Avui dia hi ha molts tipus d'ortod\u00f2ncia per adaptar-nos a les necessitats de cada persona. A Mar\u00edn-Lozano dentistes us escoltem i estem preparats per dur a terme qualsevol t\u00e8cnica gr\u00e0cies a l'\u00e0mplia formaci\u00f3 i experi\u00e8ncia que tenim.<\/h5><\/blockquote>[\/vc_column][vc_column width=&#8221;1\/2&#8243;][vc_single_image image=&#8221;15680&#8243; img_size=&#8221;full&#8221; alignment=&#8221;center&#8221; qode_css_animation=&#8221;&#8221;][\/vc_column][\/vc_row]<\/p>\n","protected":false},"excerpt":{"rendered":"<p>[vc_row css_animation=&#8221;&#8221; row_type=&#8221;row&#8221; use_row_as_full_screen_section=&#8221;no&#8221; type=&#8221;full_width&#8221; angled_section=&#8221;no&#8221; text_align=&#8221;left&#8221; background_image_as_pattern=&#8221;without_pattern&#8221; css=&#8221;.vc_custom_1618250060013{margin-top: 100px !important;margin-bottom: 30px !important;padding-top: 50px !important;padding-bottom: 50px !important;background-color: #000000 !important;}&#8221; z_index=&#8221;&#8221;][vc_column width=&#8221;1\/6&#8243;][\/vc_column][vc_column width=&#8221;2\/3&#8243;][\/vc_column][vc_column width=&#8221;1\/6&#8243;][\/vc_column][\/vc_row][vc_row css_animation=&#8221;&#8221; row_type=&#8221;row&#8221; use_row_as_full_screen_section=&#8221;no&#8221; type=&#8221;grid&#8221; angled_section=&#8221;no&#8221; text_align=&#8221;left&#8221; background_image_as_pattern=&#8221;without_pattern&#8221; z_index=&#8221;&#8221;][vc_column width=&#8221;1\/2&#8243;][vc_column_text] L\u00b4ortod\u00f2ncia \u00e9s l\u00b4especialitat que s\u00b4encarrega de corregir la malposici\u00f3 dental. Reservada durant d\u00e8cades&#8230;<\/p>\n","protected":false},"author":1,"featured_media":0,"parent":0,"menu_order":0,"comment_status":"closed","ping_status":"closed","template":"full_width.php","meta":{"_joinchat":[],"footnotes":""},"class_list":["post-15902","page","type-page","status-publish","hentry"],"yoast_head":"<!-- This site is optimized with the Yoast SEO plugin v25.6 - https:\/\/yoast.com\/wordpress\/plugins\/seo\/ -->\n<title>Ortod\u00f2ncia - Mar\u00edn Lozano Dentistas<\/title>\n<meta name=\"robots\" content=\"index, follow, max-snippet:-1, max-image-preview:large, max-video-preview:-1\" \/>\n<link rel=\"canonical\" href=\"https:\/\/marinlozanodentistas.com\/ca\/ortodoncia-a-santa-coloma\/\" \/>\n<meta property=\"og:locale\" content=\"ca_ES\" \/>\n<meta property=\"og:type\" content=\"article\" \/>\n<meta property=\"og:title\" content=\"Ortod\u00f2ncia - Mar\u00edn Lozano Dentistas\" \/>\n<meta property=\"og:description\" content=\"[vc_row css_animation=&#8221;&#8221; row_type=&#8221;row&#8221; use_row_as_full_screen_section=&#8221;no&#8221; type=&#8221;full_width&#8221; angled_section=&#8221;no&#8221; text_align=&#8221;left&#8221; background_image_as_pattern=&#8221;without_pattern&#8221; css=&#8221;.vc_custom_1618250060013{margin-top: 100px !important;margin-bottom: 30px !important;padding-top: 50px !important;padding-bottom: 50px !important;background-color: #000000 !important;}&#8221; z_index=&#8221;&#8221;][vc_column width=&#8221;1\/6&#8243;][\/vc_column][vc_column width=&#8221;2\/3&#8243;][\/vc_column][vc_column width=&#8221;1\/6&#8243;][\/vc_column][\/vc_row][vc_row css_animation=&#8221;&#8221; row_type=&#8221;row&#8221; use_row_as_full_screen_section=&#8221;no&#8221; type=&#8221;grid&#8221; angled_section=&#8221;no&#8221; text_align=&#8221;left&#8221; background_image_as_pattern=&#8221;without_pattern&#8221; z_index=&#8221;&#8221;][vc_column width=&#8221;1\/2&#8243;][vc_column_text] L\u00b4ortod\u00f2ncia \u00e9s l\u00b4especialitat que s\u00b4encarrega de corregir la malposici\u00f3 dental. Reservada durant d\u00e8cades...\" \/>\n<meta property=\"og:url\" content=\"https:\/\/marinlozanodentistas.com\/ca\/ortodoncia-a-santa-coloma\/\" \/>\n<meta property=\"og:site_name\" content=\"Mar\u00edn Lozano Dentistas\" \/>\n<meta property=\"article:modified_time\" content=\"2024-07-30T09:36:13+00:00\" \/>\n<meta name=\"twitter:card\" content=\"summary_large_image\" \/>\n<meta name=\"twitter:label1\" content=\"Temps estimat de lectura\" \/>\n\t<meta name=\"twitter:data1\" content=\"2 minuts\" \/>\n<script type=\"application\/ld+json\" class=\"yoast-schema-graph\">{\"@context\":\"https:\/\/schema.org\",\"@graph\":[{\"@type\":\"WebPage\",\"@id\":\"https:\/\/marinlozanodentistas.com\/ca\/ortodoncia-a-santa-coloma\/\",\"url\":\"https:\/\/marinlozanodentistas.com\/ca\/ortodoncia-a-santa-coloma\/\",\"name\":\"Ortod\u00f2ncia - Mar\u00edn Lozano Dentistas\",\"isPartOf\":{\"@id\":\"https:\/\/marinlozanodentistas.com\/#website\"},\"datePublished\":\"2021-04-12T13:06:41+00:00\",\"dateModified\":\"2024-07-30T09:36:13+00:00\",\"breadcrumb\":{\"@id\":\"https:\/\/marinlozanodentistas.com\/ca\/ortodoncia-a-santa-coloma\/#breadcrumb\"},\"inLanguage\":\"ca\",\"potentialAction\":[{\"@type\":\"ReadAction\",\"target\":[\"https:\/\/marinlozanodentistas.com\/ca\/ortodoncia-a-santa-coloma\/\"]}]},{\"@type\":\"BreadcrumbList\",\"@id\":\"https:\/\/marinlozanodentistas.com\/ca\/ortodoncia-a-santa-coloma\/#breadcrumb\",\"itemListElement\":[{\"@type\":\"ListItem\",\"position\":1,\"name\":\"Portada\",\"item\":\"https:\/\/marinlozanodentistas.com\/ca\/\"},{\"@type\":\"ListItem\",\"position\":2,\"name\":\"Ortod\u00f2ncia\"}]},{\"@type\":\"WebSite\",\"@id\":\"https:\/\/marinlozanodentistas.com\/#website\",\"url\":\"https:\/\/marinlozanodentistas.com\/\",\"name\":\"Mar\u00edn Lozano Dentistas\",\"description\":\"LA EXPERIENCIA Y LA DEDICACI\u00d3N QUE TU BOCA MERECE. CL\u00cdNICA DENTAL EN SANTA COLOMA\",\"publisher\":{\"@id\":\"https:\/\/marinlozanodentistas.com\/#organization\"},\"potentialAction\":[{\"@type\":\"SearchAction\",\"target\":{\"@type\":\"EntryPoint\",\"urlTemplate\":\"https:\/\/marinlozanodentistas.com\/?s={search_term_string}\"},\"query-input\":{\"@type\":\"PropertyValueSpecification\",\"valueRequired\":true,\"valueName\":\"search_term_string\"}}],\"inLanguage\":\"ca\"},{\"@type\":\"Organization\",\"@id\":\"https:\/\/marinlozanodentistas.com\/#organization\",\"name\":\"Cl\u00ednica Dental Mar\u00edn Lozano\",\"url\":\"https:\/\/marinlozanodentistas.com\/\",\"logo\":{\"@type\":\"ImageObject\",\"inLanguage\":\"ca\",\"@id\":\"https:\/\/marinlozanodentistas.com\/#\/schema\/logo\/image\/\",\"url\":\"https:\/\/marinlozanodentistas.com\/wp-content\/uploads\/2021\/03\/593A6360-2-scaled-e1617039453413.jpg\",\"contentUrl\":\"https:\/\/marinlozanodentistas.com\/wp-content\/uploads\/2021\/03\/593A6360-2-scaled-e1617039453413.jpg\",\"width\":460,\"height\":307,\"caption\":\"Cl\u00ednica Dental Mar\u00edn Lozano\"},\"image\":{\"@id\":\"https:\/\/marinlozanodentistas.com\/#\/schema\/logo\/image\/\"}}]}<\/script>\n<!-- \/ Yoast SEO plugin. -->","yoast_head_json":{"title":"Ortod\u00f2ncia - Mar\u00edn Lozano Dentistas","robots":{"index":"index","follow":"follow","max-snippet":"max-snippet:-1","max-image-preview":"max-image-preview:large","max-video-preview":"max-video-preview:-1"},"canonical":"https:\/\/marinlozanodentistas.com\/ca\/ortodoncia-a-santa-coloma\/","og_locale":"ca_ES","og_type":"article","og_title":"Ortod\u00f2ncia - Mar\u00edn Lozano Dentistas","og_description":"[vc_row css_animation=&#8221;&#8221; row_type=&#8221;row&#8221; use_row_as_full_screen_section=&#8221;no&#8221; type=&#8221;full_width&#8221; angled_section=&#8221;no&#8221; text_align=&#8221;left&#8221; background_image_as_pattern=&#8221;without_pattern&#8221; css=&#8221;.vc_custom_1618250060013{margin-top: 100px !important;margin-bottom: 30px !important;padding-top: 50px !important;padding-bottom: 50px !important;background-color: #000000 !important;}&#8221; z_index=&#8221;&#8221;][vc_column width=&#8221;1\/6&#8243;][\/vc_column][vc_column width=&#8221;2\/3&#8243;][\/vc_column][vc_column width=&#8221;1\/6&#8243;][\/vc_column][\/vc_row][vc_row css_animation=&#8221;&#8221; row_type=&#8221;row&#8221; use_row_as_full_screen_section=&#8221;no&#8221; type=&#8221;grid&#8221; angled_section=&#8221;no&#8221; text_align=&#8221;left&#8221; background_image_as_pattern=&#8221;without_pattern&#8221; z_index=&#8221;&#8221;][vc_column width=&#8221;1\/2&#8243;][vc_column_text] L\u00b4ortod\u00f2ncia \u00e9s l\u00b4especialitat que s\u00b4encarrega de corregir la malposici\u00f3 dental. Reservada durant d\u00e8cades...","og_url":"https:\/\/marinlozanodentistas.com\/ca\/ortodoncia-a-santa-coloma\/","og_site_name":"Mar\u00edn Lozano Dentistas","article_modified_time":"2024-07-30T09:36:13+00:00","twitter_card":"summary_large_image","twitter_misc":{"Temps estimat de lectura":"2 minuts"},"schema":{"@context":"https:\/\/schema.org","@graph":[{"@type":"WebPage","@id":"https:\/\/marinlozanodentistas.com\/ca\/ortodoncia-a-santa-coloma\/","url":"https:\/\/marinlozanodentistas.com\/ca\/ortodoncia-a-santa-coloma\/","name":"Ortod\u00f2ncia - Mar\u00edn Lozano Dentistas","isPartOf":{"@id":"https:\/\/marinlozanodentistas.com\/#website"},"datePublished":"2021-04-12T13:06:41+00:00","dateModified":"2024-07-30T09:36:13+00:00","breadcrumb":{"@id":"https:\/\/marinlozanodentistas.com\/ca\/ortodoncia-a-santa-coloma\/#breadcrumb"},"inLanguage":"ca","potentialAction":[{"@type":"ReadAction","target":["https:\/\/marinlozanodentistas.com\/ca\/ortodoncia-a-santa-coloma\/"]}]},{"@type":"BreadcrumbList","@id":"https:\/\/marinlozanodentistas.com\/ca\/ortodoncia-a-santa-coloma\/#breadcrumb","itemListElement":[{"@type":"ListItem","position":1,"name":"Portada","item":"https:\/\/marinlozanodentistas.com\/ca\/"},{"@type":"ListItem","position":2,"name":"Ortod\u00f2ncia"}]},{"@type":"WebSite","@id":"https:\/\/marinlozanodentistas.com\/#website","url":"https:\/\/marinlozanodentistas.com\/","name":"Mar\u00edn Lozano Dentistas","description":"LA EXPERIENCIA Y LA DEDICACI\u00d3N QUE TU BOCA MERECE. CL\u00cdNICA DENTAL EN SANTA COLOMA","publisher":{"@id":"https:\/\/marinlozanodentistas.com\/#organization"},"potentialAction":[{"@type":"SearchAction","target":{"@type":"EntryPoint","urlTemplate":"https:\/\/marinlozanodentistas.com\/?s={search_term_string}"},"query-input":{"@type":"PropertyValueSpecification","valueRequired":true,"valueName":"search_term_string"}}],"inLanguage":"ca"},{"@type":"Organization","@id":"https:\/\/marinlozanodentistas.com\/#organization","name":"Cl\u00ednica Dental Mar\u00edn Lozano","url":"https:\/\/marinlozanodentistas.com\/","logo":{"@type":"ImageObject","inLanguage":"ca","@id":"https:\/\/marinlozanodentistas.com\/#\/schema\/logo\/image\/","url":"https:\/\/marinlozanodentistas.com\/wp-content\/uploads\/2021\/03\/593A6360-2-scaled-e1617039453413.jpg","contentUrl":"https:\/\/marinlozanodentistas.com\/wp-content\/uploads\/2021\/03\/593A6360-2-scaled-e1617039453413.jpg","width":460,"height":307,"caption":"Cl\u00ednica Dental Mar\u00edn Lozano"},"image":{"@id":"https:\/\/marinlozanodentistas.com\/#\/schema\/logo\/image\/"}}]}},"_links":{"self":[{"href":"https:\/\/marinlozanodentistas.com\/ca\/wp-json\/wp\/v2\/pages\/15902"}],"collection":[{"href":"https:\/\/marinlozanodentistas.com\/ca\/wp-json\/wp\/v2\/pages"}],"about":[{"href":"https:\/\/marinlozanodentistas.com\/ca\/wp-json\/wp\/v2\/types\/page"}],"author":[{"embeddable":true,"href":"https:\/\/marinlozanodentistas.com\/ca\/wp-json\/wp\/v2\/users\/1"}],"replies":[{"embeddable":true,"href":"https:\/\/marinlozanodentistas.com\/ca\/wp-json\/wp\/v2\/comments?post=15902"}],"version-history":[{"count":7,"href":"https:\/\/marinlozanodentistas.com\/ca\/wp-json\/wp\/v2\/pages\/15902\/revisions"}],"predecessor-version":[{"id":15907,"href":"https:\/\/marinlozanodentistas.com\/ca\/wp-json\/wp\/v2\/pages\/15902\/revisions\/15907"}],"wp:attachment":[{"href":"https:\/\/marinlozanodentistas.com\/ca\/wp-json\/wp\/v2\/media?parent=15902"}],"curies":[{"name":"wp","href":"https:\/\/api.w.org\/{rel}","templated":true}]}}